{"id":7486,"date":"2021-04-02T21:11:30","date_gmt":"2021-04-02T21:11:30","guid":{"rendered":"https:\/\/www.chovi.com\/?post_type=product&#038;p=7486"},"modified":"2025-07-18T13:38:15","modified_gmt":"2025-07-18T11:38:15","slug":"alioli-artesano","status":"publish","type":"product","link":"https:\/\/www.chovi.com\/es\/productos\/alioli\/alioli-artesano\/","title":{"rendered":"Alioli Artesano"},"content":{"rendered":"<p>Si te gusta nuestro Alioli cl\u00e1sico, Nuestro Alioli Artesano te va encantar. Nuestra receta de siempre con aceite de oliva y con m\u00e1s ajo morado del habitual. Sabor m\u00e1s intenso y cremoso. \u00bfTe atreves a probar?<\/p>\n","protected":false},"excerpt":{"rendered":"<p>Ideal para acompa\u00f1ar arroces de pescado y verduras a la brasa. Aunque hay quien se lo come s\u00f3lo untando pan crujiente<\/p>\n","protected":false},"featured_media":30317,"template":"","meta":{"_acf_changed":false},"product_cat":[29],"product_tag":[],"class_list":{"0":"post-7486","1":"product","2":"type-product","3":"status-publish","4":"has-post-thumbnail","6":"product_cat-alioli","8":"first","9":"instock","10":"shipping-taxable","11":"product-type-simple"},"acf":[],"_links":{"self":[{"href":"https:\/\/www.chovi.com\/es\/wp-json\/wp\/v2\/product\/7486","targetHints":{"allow":["GET"]}}],"collection":[{"href":"https:\/\/www.chovi.com\/es\/wp-json\/wp\/v2\/product"}],"about":[{"href":"https:\/\/www.chovi.com\/es\/wp-json\/wp\/v2\/types\/product"}],"wp:featuredmedia":[{"embeddable":true,"href":"https:\/\/www.chovi.com\/es\/wp-json\/wp\/v2\/media\/30317"}],"wp:attachment":[{"href":"https:\/\/www.chovi.com\/es\/wp-json\/wp\/v2\/media?parent=7486"}],"wp:term":[{"taxonomy":"product_cat","embeddable":true,"href":"https:\/\/www.chovi.com\/es\/wp-json\/wp\/v2\/product_cat?post=7486"},{"taxonomy":"product_tag","embeddable":true,"href":"https:\/\/www.chovi.com\/es\/wp-json\/wp\/v2\/product_tag?post=7486"}],"curies":[{"name":"wp","href":"https:\/\/api.w.org\/{rel}","templated":true}]}}