{"id":4183,"date":"2021-03-23T23:30:40","date_gmt":"2021-03-23T23:30:40","guid":{"rendered":"https:\/\/www.chovi.com\/?post_type=product&#038;p=4183"},"modified":"2026-02-24T16:51:37","modified_gmt":"2026-02-24T14:51:37","slug":"salsa-louisiana","status":"publish","type":"product","link":"https:\/\/www.chovi.com\/es\/productos\/salsas-picantes\/salsa-louisiana\/","title":{"rendered":"Salsa Louisiana"},"content":{"rendered":"<p>El puro estilo Hot-Sauce Americano. Esta salsa picante es la m\u00e1s popular en Estados Unidos y est\u00e1 elaborada con pimientos jalape\u00f1os, vinagre y cayena.<\/p>\n","protected":false},"excerpt":{"rendered":"<p>Esta salsa combina perfectamente con los platos a los que da nombre: La Ensalada Louisiana, las Alitas Louisiana y la Sopa. Todas hechas para paladares de titaneo a prueba de balas picantes.<\/p>\n","protected":false},"featured_media":8569,"template":"","meta":{"_acf_changed":false},"product_cat":[89],"product_tag":[],"class_list":{"0":"post-4183","1":"product","2":"type-product","3":"status-publish","4":"has-post-thumbnail","6":"product_cat-salsas-picantes","8":"first","9":"instock","10":"shipping-taxable","11":"purchasable","12":"product-type-variable"},"acf":[],"_links":{"self":[{"href":"https:\/\/www.chovi.com\/es\/wp-json\/wp\/v2\/product\/4183","targetHints":{"allow":["GET"]}}],"collection":[{"href":"https:\/\/www.chovi.com\/es\/wp-json\/wp\/v2\/product"}],"about":[{"href":"https:\/\/www.chovi.com\/es\/wp-json\/wp\/v2\/types\/product"}],"wp:featuredmedia":[{"embeddable":true,"href":"https:\/\/www.chovi.com\/es\/wp-json\/wp\/v2\/media\/8569"}],"wp:attachment":[{"href":"https:\/\/www.chovi.com\/es\/wp-json\/wp\/v2\/media?parent=4183"}],"wp:term":[{"taxonomy":"product_cat","embeddable":true,"href":"https:\/\/www.chovi.com\/es\/wp-json\/wp\/v2\/product_cat?post=4183"},{"taxonomy":"product_tag","embeddable":true,"href":"https:\/\/www.chovi.com\/es\/wp-json\/wp\/v2\/product_tag?post=4183"}],"curies":[{"name":"wp","href":"https:\/\/api.w.org\/{rel}","templated":true}]}}