{"id":4077,"date":"2021-03-22T00:11:48","date_gmt":"2021-03-22T00:11:48","guid":{"rendered":"https:\/\/www.chovi.com\/?post_type=product&#038;p=4077"},"modified":"2025-08-05T10:04:40","modified_gmt":"2025-08-05T08:04:40","slug":"ajonesa","status":"publish","type":"product","link":"https:\/\/www.chovi.com\/es\/productos\/mayonesa\/ajonesa\/","title":{"rendered":"Ajonesa"},"content":{"rendered":"<p>La Mayonesa del Mediterr\u00e1neo. Elaborada con huevos camperos con m\u00e1s sabor. Una mayonesa muy vers\u00e1til y cremosa que potencia el sabor de tus platos. Es nuestro ojito derecho. \u00a1Ese algo m\u00e1s que te da vidilla!<\/p>\n","protected":false},"excerpt":{"rendered":"<p>Nos gusta en la tortilla, en las patatas o en la ensaladilla. Con la hamburguesa, en el pescado o en un sandwich. Hay a quien le gust\u00f3 tanto que nos dio un premio: \u00a1Producto del A\u00f1o en la categor\u00eda de salsas en el Gran Premio a la Innovaci\u00f3n 2016 y Premio a la Responsabilidad Social Corporativa de la Revista Clara 2020!<\/p>\n","protected":false},"featured_media":30337,"template":"","meta":{"_acf_changed":false},"product_cat":[24],"product_tag":[],"class_list":{"0":"post-4077","1":"product","2":"type-product","3":"status-publish","4":"has-post-thumbnail","6":"product_cat-mayonesa","8":"first","9":"instock","10":"shipping-taxable","11":"purchasable","12":"product-type-variable"},"acf":[],"_links":{"self":[{"href":"https:\/\/www.chovi.com\/es\/wp-json\/wp\/v2\/product\/4077","targetHints":{"allow":["GET"]}}],"collection":[{"href":"https:\/\/www.chovi.com\/es\/wp-json\/wp\/v2\/product"}],"about":[{"href":"https:\/\/www.chovi.com\/es\/wp-json\/wp\/v2\/types\/product"}],"wp:featuredmedia":[{"embeddable":true,"href":"https:\/\/www.chovi.com\/es\/wp-json\/wp\/v2\/media\/30337"}],"wp:attachment":[{"href":"https:\/\/www.chovi.com\/es\/wp-json\/wp\/v2\/media?parent=4077"}],"wp:term":[{"taxonomy":"product_cat","embeddable":true,"href":"https:\/\/www.chovi.com\/es\/wp-json\/wp\/v2\/product_cat?post=4077"},{"taxonomy":"product_tag","embeddable":true,"href":"https:\/\/www.chovi.com\/es\/wp-json\/wp\/v2\/product_tag?post=4077"}],"curies":[{"name":"wp","href":"https:\/\/api.w.org\/{rel}","templated":true}]}}