{"id":4055,"date":"2021-03-21T23:28:00","date_gmt":"2021-03-21T23:28:00","guid":{"rendered":"https:\/\/www.chovi.com\/?post_type=product&#038;p=4055"},"modified":"2025-07-29T08:28:11","modified_gmt":"2025-07-29T06:28:11","slug":"alioli-perejil","status":"publish","type":"product","link":"https:\/\/www.chovi.com\/es\/productos\/alioli\/alioli-perejil\/","title":{"rendered":"Alioli Perejil"},"content":{"rendered":"<p>Reinterpretaci\u00f3n exquisita de nuestra salsa cl\u00e1sica para a\u00f1adirle un sabor diferente y \u00fanico a Perejil.<\/p>\n","protected":false},"excerpt":{"rendered":"<p>Combina como anillo al dedo con carnes, pescados y sobre todo mariscos. \u00a1Ojo con los anillos si te chupas los dedos!<\/p>\n","protected":false},"featured_media":30370,"template":"","meta":{"_acf_changed":false},"product_cat":[29],"product_tag":[],"class_list":{"0":"post-4055","1":"product","2":"type-product","3":"status-publish","4":"has-post-thumbnail","6":"product_cat-alioli","8":"first","9":"instock","10":"shipping-taxable","11":"product-type-simple"},"acf":[],"_links":{"self":[{"href":"https:\/\/www.chovi.com\/es\/wp-json\/wp\/v2\/product\/4055","targetHints":{"allow":["GET"]}}],"collection":[{"href":"https:\/\/www.chovi.com\/es\/wp-json\/wp\/v2\/product"}],"about":[{"href":"https:\/\/www.chovi.com\/es\/wp-json\/wp\/v2\/types\/product"}],"wp:featuredmedia":[{"embeddable":true,"href":"https:\/\/www.chovi.com\/es\/wp-json\/wp\/v2\/media\/30370"}],"wp:attachment":[{"href":"https:\/\/www.chovi.com\/es\/wp-json\/wp\/v2\/media?parent=4055"}],"wp:term":[{"taxonomy":"product_cat","embeddable":true,"href":"https:\/\/www.chovi.com\/es\/wp-json\/wp\/v2\/product_cat?post=4055"},{"taxonomy":"product_tag","embeddable":true,"href":"https:\/\/www.chovi.com\/es\/wp-json\/wp\/v2\/product_tag?post=4055"}],"curies":[{"name":"wp","href":"https:\/\/api.w.org\/{rel}","templated":true}]}}