{"id":3954,"date":"2021-03-21T19:26:10","date_gmt":"2021-03-21T19:26:10","guid":{"rendered":"https:\/\/www.chovi.com\/?post_type=product&#038;p=3954"},"modified":"2022-02-11T16:48:49","modified_gmt":"2022-02-11T16:48:49","slug":"miel-y-mostaza-2","status":"publish","type":"product","link":"https:\/\/www.chovi.com\/es\/productos\/ensaladas-refrigerado\/miel-y-mostaza-2\/","title":{"rendered":"Salsa Miel y Mostaza"},"content":{"rendered":"<p>Salsa con sabor a miel y un toque de mostaza que prima los sabores suaves.<\/p>\n","protected":false},"excerpt":{"rendered":"<p>Nueva receta m\u00e1s fluida y con un 10% de miel ideal para ali\u00f1ar ensaladas de hoja verde, con frutos secos o con gambas. Tambi\u00e9n la puedes utilizar para preparar originales mezclas para los s\u00e1ndwiches.<\/p>\n","protected":false},"featured_media":23415,"template":"","meta":{"_acf_changed":false},"product_cat":[88],"product_tag":[],"class_list":{"0":"post-3954","1":"product","2":"type-product","3":"status-publish","4":"has-post-thumbnail","6":"product_cat-ensaladas-refrigerado","8":"first","9":"instock","10":"shipping-taxable","11":"purchasable","12":"product-type-variable"},"acf":[],"_links":{"self":[{"href":"https:\/\/www.chovi.com\/es\/wp-json\/wp\/v2\/product\/3954","targetHints":{"allow":["GET"]}}],"collection":[{"href":"https:\/\/www.chovi.com\/es\/wp-json\/wp\/v2\/product"}],"about":[{"href":"https:\/\/www.chovi.com\/es\/wp-json\/wp\/v2\/types\/product"}],"wp:featuredmedia":[{"embeddable":true,"href":"https:\/\/www.chovi.com\/es\/wp-json\/wp\/v2\/media\/23415"}],"wp:attachment":[{"href":"https:\/\/www.chovi.com\/es\/wp-json\/wp\/v2\/media?parent=3954"}],"wp:term":[{"taxonomy":"product_cat","embeddable":true,"href":"https:\/\/www.chovi.com\/es\/wp-json\/wp\/v2\/product_cat?post=3954"},{"taxonomy":"product_tag","embeddable":true,"href":"https:\/\/www.chovi.com\/es\/wp-json\/wp\/v2\/product_tag?post=3954"}],"curies":[{"name":"wp","href":"https:\/\/api.w.org\/{rel}","templated":true}]}}