{"id":3951,"date":"2021-03-21T19:21:38","date_gmt":"2021-03-21T19:21:38","guid":{"rendered":"https:\/\/www.chovi.com\/?post_type=product&#038;p=3951"},"modified":"2022-02-11T16:43:42","modified_gmt":"2022-02-11T16:43:42","slug":"salsa-yogur-refrigerada","status":"publish","type":"product","link":"https:\/\/www.chovi.com\/es\/productos\/ensaladas-refrigerado\/salsa-yogur-refrigerada\/","title":{"rendered":"Salsa Yogur"},"content":{"rendered":"<p>\u00a1Dale aleg\u00eda a tus ensaladas Macarena! Suave por la nata y m\u00e1s cremosa por el yogur. Le hemos a\u00f1adido un toque de hierbas que le otorga un sabor caracter\u00edstico y \u00fanico.<\/p>\n","protected":false},"excerpt":{"rendered":"<p>Ideal para las ensaladas de pastas en verano. Prueba tambi\u00e9n a a\u00f1adirle manzana o pasas, salm\u00f3n o verduras a la plancha. Bueno, bonito y saludable<\/p>\n","protected":false},"featured_media":23413,"template":"","meta":{"_acf_changed":false},"product_cat":[88],"product_tag":[],"class_list":{"0":"post-3951","1":"product","2":"type-product","3":"status-publish","4":"has-post-thumbnail","6":"product_cat-ensaladas-refrigerado","8":"first","9":"instock","10":"shipping-taxable","11":"purchasable","12":"product-type-variable"},"acf":[],"_links":{"self":[{"href":"https:\/\/www.chovi.com\/es\/wp-json\/wp\/v2\/product\/3951","targetHints":{"allow":["GET"]}}],"collection":[{"href":"https:\/\/www.chovi.com\/es\/wp-json\/wp\/v2\/product"}],"about":[{"href":"https:\/\/www.chovi.com\/es\/wp-json\/wp\/v2\/types\/product"}],"wp:featuredmedia":[{"embeddable":true,"href":"https:\/\/www.chovi.com\/es\/wp-json\/wp\/v2\/media\/23413"}],"wp:attachment":[{"href":"https:\/\/www.chovi.com\/es\/wp-json\/wp\/v2\/media?parent=3951"}],"wp:term":[{"taxonomy":"product_cat","embeddable":true,"href":"https:\/\/www.chovi.com\/es\/wp-json\/wp\/v2\/product_cat?post=3951"},{"taxonomy":"product_tag","embeddable":true,"href":"https:\/\/www.chovi.com\/es\/wp-json\/wp\/v2\/product_tag?post=3951"}],"curies":[{"name":"wp","href":"https:\/\/api.w.org\/{rel}","templated":true}]}}