{"id":3949,"date":"2021-03-21T19:20:11","date_gmt":"2021-03-21T19:20:11","guid":{"rendered":"https:\/\/www.chovi.com\/?post_type=product&#038;p=3949"},"modified":"2022-02-11T16:29:32","modified_gmt":"2022-02-11T16:29:32","slug":"salsa-cesar-2","status":"publish","type":"product","link":"https:\/\/www.chovi.com\/es\/productos\/ensaladas-refrigerado\/salsa-cesar\/","title":{"rendered":"Salsa C\u00e9sar"},"content":{"rendered":"<p>La frase del emperador vine, vi y venc\u00ed sirve tambi\u00e9n para nuestra salsa C\u00e9sar. Con un delicioso sabor a queso y un suave aroma a anchoa que har\u00e1 una delicia de las ensaladas del Mediterr\u00e1neas.<\/p>\n","protected":false},"excerpt":{"rendered":"<p>Suena dificil triunfar con una ensalada, pero junto a nuestra salsa a\u00f1ade huevo hervido, anchoas, queso parmesano, pimienta negra y zumo de lim\u00f3n.<\/p>\n","protected":false},"featured_media":23411,"template":"","meta":{"_acf_changed":false},"product_cat":[88],"product_tag":[],"class_list":{"0":"post-3949","1":"product","2":"type-product","3":"status-publish","4":"has-post-thumbnail","6":"product_cat-ensaladas-refrigerado","8":"first","9":"instock","10":"shipping-taxable","11":"purchasable","12":"product-type-variable"},"acf":[],"_links":{"self":[{"href":"https:\/\/www.chovi.com\/es\/wp-json\/wp\/v2\/product\/3949","targetHints":{"allow":["GET"]}}],"collection":[{"href":"https:\/\/www.chovi.com\/es\/wp-json\/wp\/v2\/product"}],"about":[{"href":"https:\/\/www.chovi.com\/es\/wp-json\/wp\/v2\/types\/product"}],"wp:featuredmedia":[{"embeddable":true,"href":"https:\/\/www.chovi.com\/es\/wp-json\/wp\/v2\/media\/23411"}],"wp:attachment":[{"href":"https:\/\/www.chovi.com\/es\/wp-json\/wp\/v2\/media?parent=3949"}],"wp:term":[{"taxonomy":"product_cat","embeddable":true,"href":"https:\/\/www.chovi.com\/es\/wp-json\/wp\/v2\/product_cat?post=3949"},{"taxonomy":"product_tag","embeddable":true,"href":"https:\/\/www.chovi.com\/es\/wp-json\/wp\/v2\/product_tag?post=3949"}],"curies":[{"name":"wp","href":"https:\/\/api.w.org\/{rel}","templated":true}]}}