{"id":3921,"date":"2021-03-21T18:16:08","date_gmt":"2021-03-21T18:16:08","guid":{"rendered":"https:\/\/www.chovi.com\/?post_type=product&#038;p=3921"},"modified":"2025-07-24T11:49:47","modified_gmt":"2025-07-24T09:49:47","slug":"cheddar","status":"publish","type":"product","link":"https:\/\/www.chovi.com\/es\/productos\/cheddar\/cheddar\/","title":{"rendered":"Salsa Cheddar"},"content":{"rendered":"<p>Disfruta de nuestra nueva\u00a0salsa Cheddar. Mejoramos la receta original a\u00f1adi\u00e9ndole\u00a0un 8% de queso que la vuelve mucho m\u00e1s\u00a0cremosa. No podr\u00e1s parar de comer<\/p>\n","protected":false},"excerpt":{"rendered":"<p>Se est\u00e1 quedado un fin de semana perfecto para una sesi\u00f3n de peli, sof\u00e1, manta y salsa Cheddar con nachos. \u00bfC\u00f3mo la semana pasada? S\u00ed, como la semana pasada<\/p>\n","protected":false},"featured_media":30350,"template":"","meta":{"_acf_changed":false},"product_cat":[188],"product_tag":[],"class_list":{"0":"post-3921","1":"product","2":"type-product","3":"status-publish","4":"has-post-thumbnail","6":"product_cat-cheddar","8":"first","9":"instock","10":"shipping-taxable","11":"purchasable","12":"product-type-variable"},"acf":[],"_links":{"self":[{"href":"https:\/\/www.chovi.com\/es\/wp-json\/wp\/v2\/product\/3921","targetHints":{"allow":["GET"]}}],"collection":[{"href":"https:\/\/www.chovi.com\/es\/wp-json\/wp\/v2\/product"}],"about":[{"href":"https:\/\/www.chovi.com\/es\/wp-json\/wp\/v2\/types\/product"}],"wp:featuredmedia":[{"embeddable":true,"href":"https:\/\/www.chovi.com\/es\/wp-json\/wp\/v2\/media\/30350"}],"wp:attachment":[{"href":"https:\/\/www.chovi.com\/es\/wp-json\/wp\/v2\/media?parent=3921"}],"wp:term":[{"taxonomy":"product_cat","embeddable":true,"href":"https:\/\/www.chovi.com\/es\/wp-json\/wp\/v2\/product_cat?post=3921"},{"taxonomy":"product_tag","embeddable":true,"href":"https:\/\/www.chovi.com\/es\/wp-json\/wp\/v2\/product_tag?post=3921"}],"curies":[{"name":"wp","href":"https:\/\/api.w.org\/{rel}","templated":true}]}}