{"id":3883,"date":"2021-03-21T17:08:41","date_gmt":"2021-03-21T17:08:41","guid":{"rendered":"https:\/\/www.chovi.com\/?post_type=product&#038;p=3883"},"modified":"2025-08-12T12:10:04","modified_gmt":"2025-08-12T10:10:04","slug":"ketchup","status":"publish","type":"product","link":"https:\/\/www.chovi.com\/es\/productos\/ketchup\/ketchup\/","title":{"rendered":"Ketchup"},"content":{"rendered":"<p>Autentico sabor a tomate. \u00bfEl secreto? La mejor materia prima a la que a\u00f1adimos ingredientes naturales de calidad.<\/p>\n","protected":false},"excerpt":{"rendered":"<p>En un pan tierno para una hamburguesa o en un pan crujiente para un bocadillo de longanizas. Y para compartir, en unas patatas fritas &#8230; se nos hace la boca agua. Prueba la nueva receta con un 15% m\u00e1s de tomate. M\u00e1s sabor y m\u00e1s nutrientes.<\/p>\n","protected":false},"featured_media":30353,"template":"","meta":{"_acf_changed":false},"product_cat":[81],"product_tag":[],"class_list":{"0":"post-3883","1":"product","2":"type-product","3":"status-publish","4":"has-post-thumbnail","6":"product_cat-ketchup","8":"first","9":"instock","10":"shipping-taxable","11":"purchasable","12":"product-type-variable"},"acf":[],"_links":{"self":[{"href":"https:\/\/www.chovi.com\/es\/wp-json\/wp\/v2\/product\/3883","targetHints":{"allow":["GET"]}}],"collection":[{"href":"https:\/\/www.chovi.com\/es\/wp-json\/wp\/v2\/product"}],"about":[{"href":"https:\/\/www.chovi.com\/es\/wp-json\/wp\/v2\/types\/product"}],"wp:featuredmedia":[{"embeddable":true,"href":"https:\/\/www.chovi.com\/es\/wp-json\/wp\/v2\/media\/30353"}],"wp:attachment":[{"href":"https:\/\/www.chovi.com\/es\/wp-json\/wp\/v2\/media?parent=3883"}],"wp:term":[{"taxonomy":"product_cat","embeddable":true,"href":"https:\/\/www.chovi.com\/es\/wp-json\/wp\/v2\/product_cat?post=3883"},{"taxonomy":"product_tag","embeddable":true,"href":"https:\/\/www.chovi.com\/es\/wp-json\/wp\/v2\/product_tag?post=3883"}],"curies":[{"name":"wp","href":"https:\/\/api.w.org\/{rel}","templated":true}]}}