{"id":3881,"date":"2021-03-21T17:07:46","date_gmt":"2021-03-21T17:07:46","guid":{"rendered":"https:\/\/www.chovi.com\/?post_type=product&#038;p=3881"},"modified":"2025-08-25T08:53:56","modified_gmt":"2025-08-25T06:53:56","slug":"barbacoa","status":"publish","type":"product","link":"https:\/\/www.chovi.com\/es\/productos\/barbacoa\/barbacoa\/","title":{"rendered":"Barbacoa"},"content":{"rendered":"<p>Una Salsa con car\u00e1cter. Al puro estilo original americano pero adaptada con matices del sabor mediterr\u00e1neo. Aroma, calidad y sabor intenso definen a una salsa apta para los salseros m\u00e1s exigentes.<\/p>\n","protected":false},"excerpt":{"rendered":"<p>Amantes de la carne a la parrilla: \u00bfPreparados para disfrutar de unas alitas de pollo o un buen costillar de cerdo? \u00a1Esta es vuestra salsa! Ideal tambi\u00e9n para las hamburguesas y pizzas.<\/p>\n","protected":false},"featured_media":30352,"template":"","meta":{"_acf_changed":false},"product_cat":[80],"product_tag":[],"class_list":{"0":"post-3881","1":"product","2":"type-product","3":"status-publish","4":"has-post-thumbnail","6":"product_cat-barbacoa","8":"first","9":"instock","10":"shipping-taxable","11":"purchasable","12":"product-type-variable"},"acf":[],"_links":{"self":[{"href":"https:\/\/www.chovi.com\/es\/wp-json\/wp\/v2\/product\/3881","targetHints":{"allow":["GET"]}}],"collection":[{"href":"https:\/\/www.chovi.com\/es\/wp-json\/wp\/v2\/product"}],"about":[{"href":"https:\/\/www.chovi.com\/es\/wp-json\/wp\/v2\/types\/product"}],"wp:featuredmedia":[{"embeddable":true,"href":"https:\/\/www.chovi.com\/es\/wp-json\/wp\/v2\/media\/30352"}],"wp:attachment":[{"href":"https:\/\/www.chovi.com\/es\/wp-json\/wp\/v2\/media?parent=3881"}],"wp:term":[{"taxonomy":"product_cat","embeddable":true,"href":"https:\/\/www.chovi.com\/es\/wp-json\/wp\/v2\/product_cat?post=3881"},{"taxonomy":"product_tag","embeddable":true,"href":"https:\/\/www.chovi.com\/es\/wp-json\/wp\/v2\/product_tag?post=3881"}],"curies":[{"name":"wp","href":"https:\/\/api.w.org\/{rel}","templated":true}]}}