{"id":3099,"date":"2021-03-21T04:33:13","date_gmt":"2021-03-21T04:33:13","guid":{"rendered":"https:\/\/www.chovi.com\/?post_type=product&#038;p=3099"},"modified":"2025-07-24T11:16:30","modified_gmt":"2025-07-24T09:16:30","slug":"kebab-white","status":"publish","type":"product","link":"https:\/\/www.chovi.com\/es\/productos\/salsas-etnicas\/kebab-white\/","title":{"rendered":"Kebab White"},"content":{"rendered":"<p>Quien la prueba repite. La salsa blanca que le a\u00f1ades al Kebab nosotros la elaboramos con una base de yogur para que sea cremosa y ligeramente especiada.<\/p>\n","protected":false},"excerpt":{"rendered":"<p>El Kebab te gusta con la salsa White pero, \u00bfEres de pan d\u00f6ner o de d\u00fcr\u00fcm? \u00bfCon o sin Cebolla? Si preparas el Kebab en casa te aconsejamos marinar el pollo con un diente de ajo, como hacen en la receta aut\u00e9ntica.<\/p>\n","protected":false},"featured_media":30345,"template":"","meta":{"_acf_changed":false},"product_cat":[78],"product_tag":[],"class_list":{"0":"post-3099","1":"product","2":"type-product","3":"status-publish","4":"has-post-thumbnail","6":"product_cat-salsas-etnicas","8":"first","9":"instock","10":"shipping-taxable","11":"purchasable","12":"product-type-variable"},"acf":[],"_links":{"self":[{"href":"https:\/\/www.chovi.com\/es\/wp-json\/wp\/v2\/product\/3099","targetHints":{"allow":["GET"]}}],"collection":[{"href":"https:\/\/www.chovi.com\/es\/wp-json\/wp\/v2\/product"}],"about":[{"href":"https:\/\/www.chovi.com\/es\/wp-json\/wp\/v2\/types\/product"}],"wp:featuredmedia":[{"embeddable":true,"href":"https:\/\/www.chovi.com\/es\/wp-json\/wp\/v2\/media\/30345"}],"wp:attachment":[{"href":"https:\/\/www.chovi.com\/es\/wp-json\/wp\/v2\/media?parent=3099"}],"wp:term":[{"taxonomy":"product_cat","embeddable":true,"href":"https:\/\/www.chovi.com\/es\/wp-json\/wp\/v2\/product_cat?post=3099"},{"taxonomy":"product_tag","embeddable":true,"href":"https:\/\/www.chovi.com\/es\/wp-json\/wp\/v2\/product_tag?post=3099"}],"curies":[{"name":"wp","href":"https:\/\/api.w.org\/{rel}","templated":true}]}}