{"id":28607,"date":"2024-06-10T09:26:11","date_gmt":"2024-06-10T07:26:11","guid":{"rendered":"https:\/\/www.chovi.com\/?post_type=product&#038;p=28607"},"modified":"2024-06-10T09:33:14","modified_gmt":"2024-06-10T07:33:14","slug":"tomate-con-oregano","status":"publish","type":"product","link":"https:\/\/www.chovi.com\/es\/productos\/salseo\/tomate-con-oregano\/","title":{"rendered":"Tomate con Or\u00e9gano"},"content":{"rendered":"<p>Esta salsa refrescante es perfecta para cualquier reuni\u00f3n, aportando un sabor mediterr\u00e1neo aut\u00e9ntico a tus dips.<\/p>\n","protected":false},"excerpt":{"rendered":"<p>Esta salsa refrescante es perfecta para cualquier reuni\u00f3n, aportando un sabor mediterr\u00e1neo aut\u00e9ntico a tus dips.<\/p>\n","protected":false},"featured_media":28497,"template":"","meta":{"_acf_changed":false},"product_cat":[281],"product_tag":[],"class_list":{"0":"post-28607","1":"product","2":"type-product","3":"status-publish","4":"has-post-thumbnail","6":"product_cat-salseo","8":"first","9":"instock","10":"shipping-taxable","11":"product-type-simple"},"acf":[],"_links":{"self":[{"href":"https:\/\/www.chovi.com\/es\/wp-json\/wp\/v2\/product\/28607","targetHints":{"allow":["GET"]}}],"collection":[{"href":"https:\/\/www.chovi.com\/es\/wp-json\/wp\/v2\/product"}],"about":[{"href":"https:\/\/www.chovi.com\/es\/wp-json\/wp\/v2\/types\/product"}],"wp:featuredmedia":[{"embeddable":true,"href":"https:\/\/www.chovi.com\/es\/wp-json\/wp\/v2\/media\/28497"}],"wp:attachment":[{"href":"https:\/\/www.chovi.com\/es\/wp-json\/wp\/v2\/media?parent=28607"}],"wp:term":[{"taxonomy":"product_cat","embeddable":true,"href":"https:\/\/www.chovi.com\/es\/wp-json\/wp\/v2\/product_cat?post=28607"},{"taxonomy":"product_tag","embeddable":true,"href":"https:\/\/www.chovi.com\/es\/wp-json\/wp\/v2\/product_tag?post=28607"}],"curies":[{"name":"wp","href":"https:\/\/api.w.org\/{rel}","templated":true}]}}