{"id":19534,"date":"2021-05-08T13:09:07","date_gmt":"2021-05-08T13:09:07","guid":{"rendered":"https:\/\/www.chovi.com\/?post_type=product&#038;p=19534"},"modified":"2024-04-30T13:30:04","modified_gmt":"2024-04-30T11:30:04","slug":"alioli-clasico-cristal","status":"publish","type":"product","link":"https:\/\/www.chovi.com\/es\/productos\/alioli\/alioli-clasico-cristal\/","title":{"rendered":"Alioli Cl\u00e1sico Cristal"},"content":{"rendered":"<p>Alioli Chov\u00ed en formato cristal, elaborado con ajos morados y huevos camperos. Sabor y textura original pensado para los aut\u00e9nticos inconformistas del sabor que prefieren este pr\u00e1ctico formato.<\/p>\n","protected":false},"excerpt":{"rendered":"<p>Como hecho en casa, el Alioli Chov\u00ed mantiene la receta tradicional del alioli casero y por eso gusta tanto y es un referente en el mercado. Es marca l\u00edder de mercado y ofrecemos una variedad de formatos para cubrir diferentes necesidades.<\/p>\n","protected":false},"featured_media":28171,"template":"","meta":{"_acf_changed":false},"product_cat":[29],"product_tag":[],"class_list":{"0":"post-19534","1":"product","2":"type-product","3":"status-publish","4":"has-post-thumbnail","6":"product_cat-alioli","8":"first","9":"instock","10":"shipping-taxable","11":"product-type-simple"},"acf":[],"_links":{"self":[{"href":"https:\/\/www.chovi.com\/es\/wp-json\/wp\/v2\/product\/19534","targetHints":{"allow":["GET"]}}],"collection":[{"href":"https:\/\/www.chovi.com\/es\/wp-json\/wp\/v2\/product"}],"about":[{"href":"https:\/\/www.chovi.com\/es\/wp-json\/wp\/v2\/types\/product"}],"wp:featuredmedia":[{"embeddable":true,"href":"https:\/\/www.chovi.com\/es\/wp-json\/wp\/v2\/media\/28171"}],"wp:attachment":[{"href":"https:\/\/www.chovi.com\/es\/wp-json\/wp\/v2\/media?parent=19534"}],"wp:term":[{"taxonomy":"product_cat","embeddable":true,"href":"https:\/\/www.chovi.com\/es\/wp-json\/wp\/v2\/product_cat?post=19534"},{"taxonomy":"product_tag","embeddable":true,"href":"https:\/\/www.chovi.com\/es\/wp-json\/wp\/v2\/product_tag?post=19534"}],"curies":[{"name":"wp","href":"https:\/\/api.w.org\/{rel}","templated":true}]}}