{"id":18709,"date":"2021-04-26T11:43:00","date_gmt":"2021-04-26T11:43:00","guid":{"rendered":"https:\/\/www.chovi.com\/?post_type=product&#038;p=18709"},"modified":"2026-02-23T14:45:34","modified_gmt":"2026-02-23T12:45:34","slug":"alioli-clasico","status":"publish","type":"product","link":"https:\/\/www.chovi.com\/es\/productos\/alioli\/alioli-clasico\/","title":{"rendered":"Alioli Cl\u00e1sico"},"content":{"rendered":"<p>El de siempre, el Alioli de toda la vida. Nuestro producto estrella es esta receta tradicional con huevo, ajo morado y aceite. Esa salsa que disfrutas con un arroz en la playa o en una barbacoa con amigos o simplemente con pan mientras esperas la comida. Si empiezas no puedes parar.<\/p>\n","protected":false},"excerpt":{"rendered":"<p>A\u00f1\u00e1delo en carnes, pastas, verduras, pescados o croquetas. Y si todav\u00eda no lo has probado, abrimos debate: \u00bfTortilla de patatas con Ajonesa o con Alioli? A nosotros nos gustan las dos.<\/p>\n","protected":false},"featured_media":27852,"template":"","meta":{"_acf_changed":false},"product_cat":[29],"product_tag":[],"class_list":{"0":"post-18709","1":"product","2":"type-product","3":"status-publish","4":"has-post-thumbnail","6":"product_cat-alioli","8":"first","9":"instock","10":"shipping-taxable","11":"purchasable","12":"product-type-variable"},"acf":[],"_links":{"self":[{"href":"https:\/\/www.chovi.com\/es\/wp-json\/wp\/v2\/product\/18709","targetHints":{"allow":["GET"]}}],"collection":[{"href":"https:\/\/www.chovi.com\/es\/wp-json\/wp\/v2\/product"}],"about":[{"href":"https:\/\/www.chovi.com\/es\/wp-json\/wp\/v2\/types\/product"}],"wp:featuredmedia":[{"embeddable":true,"href":"https:\/\/www.chovi.com\/es\/wp-json\/wp\/v2\/media\/27852"}],"wp:attachment":[{"href":"https:\/\/www.chovi.com\/es\/wp-json\/wp\/v2\/media?parent=18709"}],"wp:term":[{"taxonomy":"product_cat","embeddable":true,"href":"https:\/\/www.chovi.com\/es\/wp-json\/wp\/v2\/product_cat?post=18709"},{"taxonomy":"product_tag","embeddable":true,"href":"https:\/\/www.chovi.com\/es\/wp-json\/wp\/v2\/product_tag?post=18709"}],"curies":[{"name":"wp","href":"https:\/\/api.w.org\/{rel}","templated":true}]}}