{"id":20225,"date":"2021-05-13T14:08:24","date_gmt":"2021-05-13T14:08:24","guid":{"rendered":"https:\/\/www.chovi.com\/?page_id=20225"},"modified":"2021-06-14T15:44:31","modified_gmt":"2021-06-14T15:44:31","slug":"chovi-aldeas-infantiles","status":"publish","type":"page","link":"https:\/\/www.chovi.com\/es\/responsabilidad-social-corporativa\/chovi-aldeas-infantiles\/","title":{"rendered":"Chov\u00ed &#038; Aldeas Infantiles"},"content":{"rendered":"\t\t<div data-elementor-type=\"wp-page\" data-elementor-id=\"20225\" class=\"elementor elementor-20225\" data-elementor-post-type=\"page\">\n\t\t\t\t\t\t<section class=\"elementor-section elementor-top-section elementor-element elementor-element-4a7f1a4d elementor-section-full_width elementor-section-stretched elementor-section-height-default elementor-section-height-default\" data-id=\"4a7f1a4d\" data-element_type=\"section\" data-settings=\"{&quot;stretch_section&quot;:&quot;section-stretched&quot;}\">\n\t\t\t\t\t\t<div class=\"elementor-container elementor-column-gap-default\">\n\t\t\t\t\t<div data-dce-background-overlay-color=\"#000000\" data-dce-background-image-url=\"https:\/\/www.chovi.com\/wp-content\/uploads\/2021\/05\/seccion_v2.jpg\" class=\"elementor-column elementor-col-100 elementor-top-column elementor-element elementor-element-368df2f\" data-id=\"368df2f\" data-element_type=\"column\" data-settings=\"{&quot;background_background&quot;:&quot;classic&quot;}\">\n\t\t\t<div class=\"elementor-widget-wrap elementor-element-populated\">\n\t\t\t\t\t<div class=\"elementor-background-overlay\"><\/div>\n\t\t\t\t\t\t<div class=\"elementor-element elementor-element-6e82f7a elementor-widget__width-inherit elementor-widget elementor-widget-text-editor\" data-id=\"6e82f7a\" data-element_type=\"widget\" data-widget_type=\"text-editor.default\">\n\t\t\t\t<div class=\"elementor-widget-container\">\n\t\t\t\t\t\t\t<h1><span style=\"color: #ffffff; font-size: 67px; font-weight: 600; font-family: bebas book neue,sans-serif;\">SALSAS CHOV\u00cd &amp;<\/span><br \/>\n<span style=\"color: #ffcc33; font-size: 106px; font-weight: 400; font-family: Advocate,sans-serif; line-height: 0.9em; word-spacing: -20px;\">Aldeas Infantiles SOS<\/span><\/h1>\t\t\t\t\t\t<\/div>\n\t\t\t\t<\/div>\n\t\t\t\t\t<\/div>\n\t\t<\/div>\n\t\t\t\t\t<\/div>\n\t\t<\/section>\n\t\t\t\t<section class=\"elementor-section elementor-top-section elementor-element elementor-element-0fd523d elementor-section-boxed elementor-section-height-default elementor-section-height-default\" data-id=\"0fd523d\" data-element_type=\"section\">\n\t\t\t\t\t\t<div class=\"elementor-container elementor-column-gap-default\">\n\t\t\t\t\t<div class=\"elementor-column elementor-col-100 elementor-top-column elementor-element elementor-element-2197935\" data-id=\"2197935\" data-element_type=\"column\">\n\t\t\t<div class=\"elementor-widget-wrap elementor-element-populated\">\n\t\t\t\t\t\t<div class=\"elementor-element elementor-element-ae021b0 elementor-widget elementor-widget-text-editor\" data-id=\"ae021b0\" data-element_type=\"widget\" data-widget_type=\"text-editor.default\">\n\t\t\t\t<div class=\"elementor-widget-container\">\n\t\t\t\t\t\t\t<p>CHOV\u00cd &gt; Responsabilidad Social &gt; Chov\u00ed &amp; Aldeas Infantiles<\/p>\t\t\t\t\t\t<\/div>\n\t\t\t\t<\/div>\n\t\t\t\t\t<\/div>\n\t\t<\/div>\n\t\t\t\t\t<\/div>\n\t\t<\/section>\n\t\t\t\t<section class=\"elementor-section elementor-top-section elementor-element elementor-element-63340de elementor-section-boxed elementor-section-height-default elementor-section-height-default\" data-id=\"63340de\" data-element_type=\"section\">\n\t\t\t\t\t\t<div class=\"elementor-container elementor-column-gap-default\">\n\t\t\t\t\t<div class=\"elementor-column elementor-col-100 elementor-top-column elementor-element elementor-element-e570d67\" data-id=\"e570d67\" data-element_type=\"column\">\n\t\t\t<div class=\"elementor-widget-wrap\">\n\t\t\t\t\t\t\t<\/div>\n\t\t<\/div>\n\t\t\t\t\t<\/div>\n\t\t<\/section>\n\t\t\t\t<section data-dce-background-color=\"#F9F9F9\" class=\"elementor-section elementor-top-section elementor-element elementor-element-28e075f elementor-section-boxed elementor-section-height-default elementor-section-height-default\" data-id=\"28e075f\" data-element_type=\"section\" data-settings=\"{&quot;background_background&quot;:&quot;classic&quot;}\">\n\t\t\t\t\t\t<div class=\"elementor-container elementor-column-gap-default\">\n\t\t\t\t\t<div class=\"elementor-column elementor-col-100 elementor-top-column elementor-element elementor-element-47fbad0\" data-id=\"47fbad0\" data-element_type=\"column\">\n\t\t\t<div class=\"elementor-widget-wrap elementor-element-populated\">\n\t\t\t\t\t\t<div class=\"elementor-element elementor-element-913e2d3 elementor-widget elementor-widget-text-editor\" data-id=\"913e2d3\" data-element_type=\"widget\" data-widget_type=\"text-editor.default\">\n\t\t\t\t<div class=\"elementor-widget-container\">\n\t\t\t\t\t\t\t<p>En Chovi\u0301 colaboramos con Aldeas Infantiles SOS por\u00a0<b><i>2do<\/i><\/b>\u00a0a\u00f1o consecutivo para ayudar a las familias en situaci\u00f3n de vulnerabilidad a cuidar mejor de sus hijos y que puedan crecer rodeados de amor y de cari\u00f1o.\u00a0<\/p>\t\t\t\t\t\t<\/div>\n\t\t\t\t<\/div>\n\t\t\t\t\t<\/div>\n\t\t<\/div>\n\t\t\t\t\t<\/div>\n\t\t<\/section>\n\t\t\t\t<section class=\"elementor-section elementor-top-section elementor-element elementor-element-782d59a elementor-section-boxed elementor-section-height-default elementor-section-height-default\" data-id=\"782d59a\" data-element_type=\"section\">\n\t\t\t\t\t\t<div class=\"elementor-container elementor-column-gap-default\">\n\t\t\t\t\t<div class=\"elementor-column elementor-col-100 elementor-top-column elementor-element elementor-element-0169924\" data-id=\"0169924\" data-element_type=\"column\">\n\t\t\t<div class=\"elementor-widget-wrap\">\n\t\t\t\t\t\t\t<\/div>\n\t\t<\/div>\n\t\t\t\t\t<\/div>\n\t\t<\/section>\n\t\t\t\t<section class=\"elementor-section elementor-top-section elementor-element elementor-element-395746a elementor-section-boxed elementor-section-height-default elementor-section-height-default\" data-id=\"395746a\" data-element_type=\"section\">\n\t\t\t\t\t\t<div class=\"elementor-container elementor-column-gap-default\">\n\t\t\t\t\t<div class=\"elementor-column elementor-col-100 elementor-top-column elementor-element elementor-element-7d36d8f\" data-id=\"7d36d8f\" data-element_type=\"column\">\n\t\t\t<div class=\"elementor-widget-wrap elementor-element-populated\">\n\t\t\t\t\t\t<div class=\"elementor-element elementor-element-08d1982 elementor-widget elementor-widget-text-editor\" data-id=\"08d1982\" data-element_type=\"widget\" data-widget_type=\"text-editor.default\">\n\t\t\t\t<div class=\"elementor-widget-container\">\n\t\t\t\t\t\t\t<p>Y cada vez que compras nuestro\u00a0<b><i>Allioli mortero, Ajonesa, Barbacoa, Kebab White, salsas de Allioli o nuestro Ketchup<\/i><\/b>,\u00a0 tu\u0301 tambie\u0301n lo esta\u0301s haciendo.<\/p><p><b><i>Porque somos salsas de origen, pero ahora, ma\u0301s que nunca, tambie\u0301n de destino.\u00a0<\/i><\/b><\/p><p>Comprando cualquiera de estos productos estar\u00e1s\u00a0 contribuyendo con el Fondo de Emergencia de Aldeas Infantiles SOS, con el que la organizaci\u00f3n est\u00e1 ayudando en nuestro pa\u00eds a miles de ni\u00f1os y ni\u00f1as vulnerables afectados por la pandemia.<\/p>\t\t\t\t\t\t<\/div>\n\t\t\t\t<\/div>\n\t\t\t\t\t<\/div>\n\t\t<\/div>\n\t\t\t\t\t<\/div>\n\t\t<\/section>\n\t\t\t\t<section class=\"elementor-section elementor-top-section elementor-element elementor-element-bd56198 elementor-section-boxed elementor-section-height-default elementor-section-height-default\" data-id=\"bd56198\" data-element_type=\"section\">\n\t\t\t\t\t\t<div class=\"elementor-container elementor-column-gap-default\">\n\t\t\t\t\t<div class=\"elementor-column elementor-col-100 elementor-top-column elementor-element elementor-element-41c1b9f\" data-id=\"41c1b9f\" data-element_type=\"column\">\n\t\t\t<div class=\"elementor-widget-wrap elementor-element-populated\">\n\t\t\t\t\t\t<div class=\"elementor-element elementor-element-7de597c dce_masking-none elementor-widget elementor-widget-image\" data-id=\"7de597c\" data-element_type=\"widget\" data-widget_type=\"image.default\">\n\t\t\t\t<div class=\"elementor-widget-container\">\n\t\t\t\t\t\t\t\t\t\t\t\t\t<img loading=\"lazy\" decoding=\"async\" loading=\"lazy\" width=\"800\" height=\"450\" src=\"https:\/\/www.chovi.com\/wp-content\/uploads\/2021\/05\/Bodegon-ninZos-1024x576-1.jpg\" class=\"attachment-large size-large wp-image-20229\" alt=\"\" srcset=\"https:\/\/www.chovi.com\/wp-content\/uploads\/2021\/05\/Bodegon-ninZos-1024x576-1.jpg 1024w, https:\/\/www.chovi.com\/wp-content\/uploads\/2021\/05\/Bodegon-ninZos-1024x576-1-300x169.jpg 300w, https:\/\/www.chovi.com\/wp-content\/uploads\/2021\/05\/Bodegon-ninZos-1024x576-1-150x84.jpg 150w, https:\/\/www.chovi.com\/wp-content\/uploads\/2021\/05\/Bodegon-ninZos-1024x576-1-768x432.jpg 768w, https:\/\/www.chovi.com\/wp-content\/uploads\/2021\/05\/Bodegon-ninZos-1024x576-1-16x9.jpg 16w, https:\/\/www.chovi.com\/wp-content\/uploads\/2021\/05\/Bodegon-ninZos-1024x576-1-350x197.jpg 350w, https:\/\/www.chovi.com\/wp-content\/uploads\/2021\/05\/Bodegon-ninZos-1024x576-1-600x338.jpg 600w\" sizes=\"auto, (max-width: 800px) 100vw, 800px\" \/>\t\t\t\t\t\t\t\t\t\t\t\t\t<\/div>\n\t\t\t\t<\/div>\n\t\t\t\t\t<\/div>\n\t\t<\/div>\n\t\t\t\t\t<\/div>\n\t\t<\/section>\n\t\t\t\t<section class=\"elementor-section elementor-top-section elementor-element elementor-element-a3db40d elementor-section-boxed elementor-section-height-default elementor-section-height-default\" data-id=\"a3db40d\" data-element_type=\"section\">\n\t\t\t\t\t\t<div class=\"elementor-container elementor-column-gap-default\">\n\t\t\t\t\t<div class=\"elementor-column elementor-col-100 elementor-top-column elementor-element elementor-element-2765594\" data-id=\"2765594\" data-element_type=\"column\">\n\t\t\t<div class=\"elementor-widget-wrap\">\n\t\t\t\t\t\t\t<\/div>\n\t\t<\/div>\n\t\t\t\t\t<\/div>\n\t\t<\/section>\n\t\t\t\t<section class=\"elementor-section elementor-top-section elementor-element elementor-element-0a2dd1a elementor-section-boxed elementor-section-height-default elementor-section-height-default\" data-id=\"0a2dd1a\" data-element_type=\"section\">\n\t\t\t\t\t\t<div class=\"elementor-container elementor-column-gap-default\">\n\t\t\t\t\t<div class=\"elementor-column elementor-col-100 elementor-top-column elementor-element elementor-element-1c0a6d2\" data-id=\"1c0a6d2\" data-element_type=\"column\">\n\t\t\t<div class=\"elementor-widget-wrap elementor-element-populated\">\n\t\t\t\t\t\t<div class=\"elementor-element elementor-element-a3316cc elementor-widget elementor-widget-text-editor\" data-id=\"a3316cc\" data-element_type=\"widget\" data-widget_type=\"text-editor.default\">\n\t\t\t\t<div class=\"elementor-widget-container\">\n\t\t\t\t\t\t\t<p>\u00a1El reto es muy grande! Por eso te necesitamos. El objetivo es recaudar a finales de la acci\u00f3n\u00a0<b>45.000<\/b>\u00a0<b>euros\u00a0<\/b>y apoyar as\u00ed a la infancia m\u00e1s vulnerable.\u00a0<\/p><p><i>(Acci\u00f3n limitada a\u00a0<\/i><i>4.500.000\u00a0<\/i><i>uds de los siguientes productos\u00a0<\/i><i>Allioli mortero 180ml; Ajonesa 200ml y 400ml, BBQ 200ml y 400ml; Salsa Allioli 200ml y 400ml; Kebab White 200ml; Mayonesa 200ml y Mayonesa 400ml; Ketchup 200ml\u00a0<\/i><i>en el mercado espa\u00f1ol de Mayo\u00a0 a Julio 2021 o hasta agotar unidades)<\/i><\/p>\t\t\t\t\t\t<\/div>\n\t\t\t\t<\/div>\n\t\t\t\t\t<\/div>\n\t\t<\/div>\n\t\t\t\t\t<\/div>\n\t\t<\/section>\n\t\t\t\t<section class=\"elementor-section elementor-top-section elementor-element elementor-element-0ba7c07 elementor-section-boxed elementor-section-height-default elementor-section-height-default\" data-id=\"0ba7c07\" data-element_type=\"section\">\n\t\t\t\t\t\t<div class=\"elementor-container elementor-column-gap-default\">\n\t\t\t\t\t<div class=\"elementor-column elementor-col-100 elementor-top-column elementor-element elementor-element-1e5a793\" data-id=\"1e5a793\" data-element_type=\"column\">\n\t\t\t<div class=\"elementor-widget-wrap elementor-element-populated\">\n\t\t\t\t\t\t<div class=\"elementor-element elementor-element-9360870 dce_masking-none elementor-widget elementor-widget-video\" data-id=\"9360870\" data-element_type=\"widget\" data-settings=\"{&quot;youtube_url&quot;:&quot;https:\\\/\\\/www.youtube.com\\\/watch?v=PuYbu6OxxAk&quot;,&quot;video_type&quot;:&quot;youtube&quot;,&quot;controls&quot;:&quot;yes&quot;}\" data-widget_type=\"video.default\">\n\t\t\t\t<div class=\"elementor-widget-container\">\n\t\t\t\t\t<div class=\"elementor-wrapper elementor-open-inline\">\n\t\t\t<div class=\"elementor-video\"><\/div>\t\t<\/div>\n\t\t\t\t<\/div>\n\t\t\t\t<\/div>\n\t\t\t\t\t<\/div>\n\t\t<\/div>\n\t\t\t\t\t<\/div>\n\t\t<\/section>\n\t\t\t\t<\/div>\n\t\t","protected":false},"excerpt":{"rendered":"<p>SALSAS CHOV\u00cd &amp; Aldeas Infantiles SOS CHOV\u00cd &gt; Responsabilidad Social &gt; Chov\u00ed &amp; Aldeas Infantiles En Chovi\u0301 colaboramos con Aldeas Infantiles SOS por\u00a02do\u00a0a\u00f1o consecutivo para ayudar a las familias en situaci\u00f3n de vulnerabilidad a cuidar mejor de sus hijos y que puedan crecer rodeados de amor y de cari\u00f1o.\u00a0 Y cada vez que compras nuestro\u00a0Allioli [&hellip;]<\/p>\n","protected":false},"author":18,"featured_media":18145,"parent":4388,"menu_order":0,"comment_status":"closed","ping_status":"closed","template":"","meta":{"_acf_changed":false,"footnotes":""},"class_list":["post-20225","page","type-page","status-publish","has-post-thumbnail","hentry"],"acf":[],"_links":{"self":[{"href":"https:\/\/www.chovi.com\/es\/wp-json\/wp\/v2\/pages\/20225","targetHints":{"allow":["GET"]}}],"collection":[{"href":"https:\/\/www.chovi.com\/es\/wp-json\/wp\/v2\/pages"}],"about":[{"href":"https:\/\/www.chovi.com\/es\/wp-json\/wp\/v2\/types\/page"}],"author":[{"embeddable":true,"href":"https:\/\/www.chovi.com\/es\/wp-json\/wp\/v2\/users\/18"}],"replies":[{"embeddable":true,"href":"https:\/\/www.chovi.com\/es\/wp-json\/wp\/v2\/comments?post=20225"}],"version-history":[{"count":0,"href":"https:\/\/www.chovi.com\/es\/wp-json\/wp\/v2\/pages\/20225\/revisions"}],"up":[{"embeddable":true,"href":"https:\/\/www.chovi.com\/es\/wp-json\/wp\/v2\/pages\/4388"}],"wp:featuredmedia":[{"embeddable":true,"href":"https:\/\/www.chovi.com\/es\/wp-json\/"}],"wp:attachment":[{"href":"https:\/\/www.chovi.com\/es\/wp-json\/wp\/v2\/media?parent=20225"}],"curies":[{"name":"wp","href":"https:\/\/api.w.org\/{rel}","templated":true}]}}