{"id":19695,"date":"2021-05-11T14:59:21","date_gmt":"2021-05-11T14:59:21","guid":{"rendered":"https:\/\/www.chovi.com\/?page_id=19695"},"modified":"2021-06-11T10:42:02","modified_gmt":"2021-06-11T10:42:02","slug":"chovi-en-el-mundo","status":"publish","type":"page","link":"https:\/\/www.chovi.com\/es\/nuestra-compania\/chovi-en-el-mundo\/","title":{"rendered":"Chov\u00ed en el mundo"},"content":{"rendered":"\t\t<div data-elementor-type=\"wp-page\" data-elementor-id=\"19695\" class=\"elementor elementor-19695\" data-elementor-post-type=\"page\">\n\t\t\t\t\t\t<section class=\"elementor-section elementor-top-section elementor-element elementor-element-7897e168 elementor-section-full_width elementor-section-stretched elementor-section-height-default elementor-section-height-default\" data-id=\"7897e168\" data-element_type=\"section\" data-settings=\"{&quot;stretch_section&quot;:&quot;section-stretched&quot;}\">\n\t\t\t\t\t\t<div class=\"elementor-container elementor-column-gap-default\">\n\t\t\t\t\t<div data-dce-background-overlay-color=\"#000000\" data-dce-background-image-url=\"https:\/\/www.chovi.com\/wp-content\/uploads\/2021\/05\/np.jpg\" class=\"elementor-column elementor-col-100 elementor-top-column elementor-element elementor-element-385f71fe\" data-id=\"385f71fe\" data-element_type=\"column\" data-settings=\"{&quot;background_background&quot;:&quot;classic&quot;}\">\n\t\t\t<div class=\"elementor-widget-wrap elementor-element-populated\">\n\t\t\t\t\t<div class=\"elementor-background-overlay\"><\/div>\n\t\t\t\t\t\t<div class=\"elementor-element elementor-element-3a5cb87f elementor-widget__width-inherit elementor-widget elementor-widget-text-editor\" data-id=\"3a5cb87f\" data-element_type=\"widget\" data-widget_type=\"text-editor.default\">\n\t\t\t\t<div class=\"elementor-widget-container\">\n\t\t\t\t\t\t\t<h1><span style=\"color: #ffffff; font-size: 67px; font-weight: 600; font-family: bebas book neue,sans-serif;\">MUCHO M\u00c1S QUE UNA<\/span><br \/>\n<span style=\"color: #ffcc33; font-size: 108px; font-weight: 400; font-family: Advocate,sans-serif; line-height: 0.7em;\">Compa\u00f1\u00eda<\/span><\/h1>\t\t\t\t\t\t<\/div>\n\t\t\t\t<\/div>\n\t\t\t\t\t<\/div>\n\t\t<\/div>\n\t\t\t\t\t<\/div>\n\t\t<\/section>\n\t\t\t\t<section class=\"elementor-section elementor-top-section elementor-element elementor-element-0fd523d elementor-section-boxed elementor-section-height-default elementor-section-height-default\" data-id=\"0fd523d\" data-element_type=\"section\">\n\t\t\t\t\t\t<div class=\"elementor-container elementor-column-gap-default\">\n\t\t\t\t\t<div class=\"elementor-column elementor-col-100 elementor-top-column elementor-element elementor-element-2197935\" data-id=\"2197935\" data-element_type=\"column\">\n\t\t\t<div class=\"elementor-widget-wrap elementor-element-populated\">\n\t\t\t\t\t\t<div class=\"elementor-element elementor-element-ae021b0 elementor-widget elementor-widget-text-editor\" data-id=\"ae021b0\" data-element_type=\"widget\" data-widget_type=\"text-editor.default\">\n\t\t\t\t<div class=\"elementor-widget-container\">\n\t\t\t\t\t\t\t<p>CHOV\u00cd &gt; Nuestra compa\u00f1\u00eda &gt; Chov\u00ed en el mundo<\/p>\t\t\t\t\t\t<\/div>\n\t\t\t\t<\/div>\n\t\t\t\t\t<\/div>\n\t\t<\/div>\n\t\t\t\t\t<\/div>\n\t\t<\/section>\n\t\t\t\t<section class=\"elementor-section elementor-top-section elementor-element elementor-element-63340de elementor-section-boxed elementor-section-height-default elementor-section-height-default\" data-id=\"63340de\" data-element_type=\"section\">\n\t\t\t\t\t\t<div class=\"elementor-container elementor-column-gap-default\">\n\t\t\t\t\t<div class=\"elementor-column elementor-col-100 elementor-top-column elementor-element elementor-element-e570d67\" data-id=\"e570d67\" data-element_type=\"column\">\n\t\t\t<div class=\"elementor-widget-wrap\">\n\t\t\t\t\t\t\t<\/div>\n\t\t<\/div>\n\t\t\t\t\t<\/div>\n\t\t<\/section>\n\t\t\t\t<section class=\"elementor-section elementor-top-section elementor-element elementor-element-e773e20 elementor-section-boxed elementor-section-height-default elementor-section-height-default\" data-id=\"e773e20\" data-element_type=\"section\">\n\t\t\t\t\t\t<div class=\"elementor-container elementor-column-gap-default\">\n\t\t\t\t\t<div class=\"elementor-column elementor-col-100 elementor-top-column elementor-element elementor-element-5269fb8\" data-id=\"5269fb8\" data-element_type=\"column\">\n\t\t\t<div class=\"elementor-widget-wrap elementor-element-populated\">\n\t\t\t\t\t\t<div class=\"elementor-element elementor-element-b818273 elementor-widget elementor-widget-spacer\" data-id=\"b818273\" data-element_type=\"widget\" data-widget_type=\"spacer.default\">\n\t\t\t\t<div class=\"elementor-widget-container\">\n\t\t\t\t\t<div class=\"elementor-spacer\">\n\t\t\t<div class=\"elementor-spacer-inner\"><\/div>\n\t\t<\/div>\n\t\t\t\t<\/div>\n\t\t\t\t<\/div>\n\t\t\t\t<div class=\"elementor-element elementor-element-a7683e2 elementor-widget elementor-widget-heading\" data-id=\"a7683e2\" data-element_type=\"widget\" data-widget_type=\"heading.default\">\n\t\t\t\t<div class=\"elementor-widget-container\">\n\t\t\t<h2 class=\"elementor-heading-title elementor-size-xxl\">chov\u00ed en el mundo<\/h2>\t\t<\/div>\n\t\t\t\t<\/div>\n\t\t\t\t\t<\/div>\n\t\t<\/div>\n\t\t\t\t\t<\/div>\n\t\t<\/section>\n\t\t\t\t<section data-dce-background-color=\"#F9F9F9\" class=\"elementor-section elementor-top-section elementor-element elementor-element-28e075f elementor-section-boxed elementor-section-height-default elementor-section-height-default\" data-id=\"28e075f\" data-element_type=\"section\" data-settings=\"{&quot;background_background&quot;:&quot;classic&quot;}\">\n\t\t\t\t\t\t<div class=\"elementor-container elementor-column-gap-default\">\n\t\t\t\t\t<div class=\"elementor-column elementor-col-100 elementor-top-column elementor-element elementor-element-47fbad0\" data-id=\"47fbad0\" data-element_type=\"column\">\n\t\t\t<div class=\"elementor-widget-wrap elementor-element-populated\">\n\t\t\t\t\t\t<div class=\"elementor-element elementor-element-913e2d3 elementor-widget elementor-widget-text-editor\" data-id=\"913e2d3\" data-element_type=\"widget\" data-widget_type=\"text-editor.default\">\n\t\t\t\t<div class=\"elementor-widget-container\">\n\t\t\t\t\t\t\t<p><strong>Exportamos el 19% de nuestra facturaci\u00f3n, superando en 2020 los 7,45 MM de euros y creciendo un 33% con respecto a 2019. Exportamos a 30 pa\u00edses siendo los m\u00e1s importantes en facturaci\u00f3n\u00a0 Alemania, Holanda e Inglaterra.<\/strong><\/p>\t\t\t\t\t\t<\/div>\n\t\t\t\t<\/div>\n\t\t\t\t\t<\/div>\n\t\t<\/div>\n\t\t\t\t\t<\/div>\n\t\t<\/section>\n\t\t\t\t<section class=\"elementor-section elementor-top-section elementor-element elementor-element-20b9ee2 elementor-section-boxed elementor-section-height-default elementor-section-height-default\" data-id=\"20b9ee2\" data-element_type=\"section\">\n\t\t\t\t\t\t<div class=\"elementor-container elementor-column-gap-default\">\n\t\t\t\t\t<div class=\"elementor-column elementor-col-100 elementor-top-column elementor-element elementor-element-25be013\" data-id=\"25be013\" data-element_type=\"column\">\n\t\t\t<div class=\"elementor-widget-wrap elementor-element-populated\">\n\t\t\t\t\t\t<div class=\"elementor-element elementor-element-748ebb4 elementor-widget elementor-widget-text-editor\" data-id=\"748ebb4\" data-element_type=\"widget\" data-widget_type=\"text-editor.default\">\n\t\t\t\t<div class=\"elementor-widget-container\">\n\t\t\t\t\t\t\t<p>Son muchos los turistas de diferentes partes del mundo que vienen a Valencia a disfrutar de sus vacaciones. En su experiencia veraniega est\u00e1 el disfrutar de la gastronom\u00eda espa\u00f1ola en nuestros restaurantes, bares o chiringuitos.<\/p><p>En ellos conocen nuestro exquisito Alioli y otras salsas, se enamoran de ellas y las solicitan en los principales retailers de sus pa\u00edses.<\/p><p>En Chov\u00ed desde finales de 1990, escuchamos esta necesidad, vimos una clara oportunidad y exportamos desde entonces\u00a0 nuestro alioli y otras salsas a diferentes pa\u00edses con el mejor servicio y calidad.<\/p>\t\t\t\t\t\t<\/div>\n\t\t\t\t<\/div>\n\t\t\t\t\t<\/div>\n\t\t<\/div>\n\t\t\t\t\t<\/div>\n\t\t<\/section>\n\t\t\t\t<section class=\"elementor-section elementor-top-section elementor-element elementor-element-bd56198 elementor-section-boxed elementor-section-height-default elementor-section-height-default\" data-id=\"bd56198\" data-element_type=\"section\">\n\t\t\t\t\t\t<div class=\"elementor-container elementor-column-gap-default\">\n\t\t\t\t\t<div class=\"elementor-column elementor-col-100 elementor-top-column elementor-element elementor-element-41c1b9f\" data-id=\"41c1b9f\" data-element_type=\"column\">\n\t\t\t<div class=\"elementor-widget-wrap\">\n\t\t\t\t\t\t\t<\/div>\n\t\t<\/div>\n\t\t\t\t\t<\/div>\n\t\t<\/section>\n\t\t\t\t<section class=\"elementor-section elementor-top-section elementor-element elementor-element-c4f3299 elementor-section-boxed elementor-section-height-default elementor-section-height-default\" data-id=\"c4f3299\" data-element_type=\"section\">\n\t\t\t\t\t\t<div class=\"elementor-container elementor-column-gap-default\">\n\t\t\t\t\t<div class=\"elementor-column elementor-col-100 elementor-top-column elementor-element elementor-element-577da0f\" data-id=\"577da0f\" data-element_type=\"column\">\n\t\t\t<div class=\"elementor-widget-wrap elementor-element-populated\">\n\t\t\t\t\t\t<div class=\"elementor-element elementor-element-4a5d48c dce_masking-none elementor-widget elementor-widget-video\" data-id=\"4a5d48c\" data-element_type=\"widget\" data-settings=\"{&quot;video_type&quot;:&quot;hosted&quot;,&quot;controls&quot;:&quot;yes&quot;}\" data-widget_type=\"video.default\">\n\t\t\t\t<div class=\"elementor-widget-container\">\n\t\t\t\t\t<div class=\"e-hosted-video elementor-wrapper elementor-open-inline\">\n\t\t\t\t\t<video class=\"elementor-video\" src=\"https:\/\/reprise.pt\/webdev\/chovi\/wp-content\/uploads\/2021\/05\/Algemene-video.mp4\" controls=\"\" preload=\"metadata\" controlsList=\"nodownload\"><\/video>\n\t\t\t\t<\/div>\n\t\t\t\t<\/div>\n\t\t\t\t<\/div>\n\t\t\t\t\t<\/div>\n\t\t<\/div>\n\t\t\t\t\t<\/div>\n\t\t<\/section>\n\t\t\t\t<section class=\"elementor-section elementor-top-section elementor-element elementor-element-a3db40d elementor-section-boxed elementor-section-height-default elementor-section-height-default\" data-id=\"a3db40d\" data-element_type=\"section\">\n\t\t\t\t\t\t<div class=\"elementor-container elementor-column-gap-default\">\n\t\t\t\t\t<div class=\"elementor-column elementor-col-100 elementor-top-column elementor-element elementor-element-2765594\" data-id=\"2765594\" data-element_type=\"column\">\n\t\t\t<div class=\"elementor-widget-wrap\">\n\t\t\t\t\t\t\t<\/div>\n\t\t<\/div>\n\t\t\t\t\t<\/div>\n\t\t<\/section>\n\t\t\t\t<section class=\"elementor-section elementor-top-section elementor-element elementor-element-79331d2 elementor-section-boxed elementor-section-height-default elementor-section-height-default\" data-id=\"79331d2\" data-element_type=\"section\">\n\t\t\t\t\t\t<div class=\"elementor-container elementor-column-gap-default\">\n\t\t\t\t\t<div class=\"elementor-column elementor-col-100 elementor-top-column elementor-element elementor-element-14f3b8d\" data-id=\"14f3b8d\" data-element_type=\"column\">\n\t\t\t<div class=\"elementor-widget-wrap elementor-element-populated\">\n\t\t\t\t\t\t<section class=\"elementor-section elementor-inner-section elementor-element elementor-element-7efe3f6 elementor-section-boxed elementor-section-height-default elementor-section-height-default\" data-id=\"7efe3f6\" data-element_type=\"section\" data-settings=\"{&quot;background_background&quot;:&quot;classic&quot;}\">\n\t\t\t\t\t\t<div class=\"elementor-container elementor-column-gap-no\">\n\t\t\t\t\t<div class=\"elementor-column elementor-col-50 elementor-inner-column elementor-element elementor-element-cbbe86d\" data-id=\"cbbe86d\" data-element_type=\"column\">\n\t\t\t<div class=\"elementor-widget-wrap elementor-element-populated\">\n\t\t\t\t\t\t<div class=\"elementor-element elementor-element-5fb133d dce_masking-none elementor-widget elementor-widget-image\" data-id=\"5fb133d\" data-element_type=\"widget\" data-widget_type=\"image.default\">\n\t\t\t\t<div class=\"elementor-widget-container\">\n\t\t\t\t\t\t\t\t\t\t\t\t\t<img loading=\"lazy\" decoding=\"async\" loading=\"lazy\" width=\"1600\" height=\"1600\" src=\"https:\/\/www.chovi.com\/wp-content\/uploads\/2021\/05\/Chovi-studio-shots-SoMention-Vegan-allioli-and-avocado.jpg\" class=\"attachment-full size-full wp-image-19698\" alt=\"chovi en el mundo\" srcset=\"https:\/\/www.chovi.com\/wp-content\/uploads\/2021\/05\/Chovi-studio-shots-SoMention-Vegan-allioli-and-avocado.jpg 1600w, https:\/\/www.chovi.com\/wp-content\/uploads\/2021\/05\/Chovi-studio-shots-SoMention-Vegan-allioli-and-avocado-300x300.jpg 300w, https:\/\/www.chovi.com\/wp-content\/uploads\/2021\/05\/Chovi-studio-shots-SoMention-Vegan-allioli-and-avocado-1024x1024.jpg 1024w, https:\/\/www.chovi.com\/wp-content\/uploads\/2021\/05\/Chovi-studio-shots-SoMention-Vegan-allioli-and-avocado-150x150.jpg 150w, https:\/\/www.chovi.com\/wp-content\/uploads\/2021\/05\/Chovi-studio-shots-SoMention-Vegan-allioli-and-avocado-768x768.jpg 768w, https:\/\/www.chovi.com\/wp-content\/uploads\/2021\/05\/Chovi-studio-shots-SoMention-Vegan-allioli-and-avocado-1536x1536.jpg 1536w, https:\/\/www.chovi.com\/wp-content\/uploads\/2021\/05\/Chovi-studio-shots-SoMention-Vegan-allioli-and-avocado-12x12.jpg 12w, https:\/\/www.chovi.com\/wp-content\/uploads\/2021\/05\/Chovi-studio-shots-SoMention-Vegan-allioli-and-avocado-350x350.jpg 350w, https:\/\/www.chovi.com\/wp-content\/uploads\/2021\/05\/Chovi-studio-shots-SoMention-Vegan-allioli-and-avocado-600x600.jpg 600w, https:\/\/www.chovi.com\/wp-content\/uploads\/2021\/05\/Chovi-studio-shots-SoMention-Vegan-allioli-and-avocado-100x100.jpg 100w\" sizes=\"auto, (max-width: 1600px) 100vw, 1600px\" \/>\t\t\t\t\t\t\t\t\t\t\t\t\t<\/div>\n\t\t\t\t<\/div>\n\t\t\t\t\t<\/div>\n\t\t<\/div>\n\t\t\t\t<div data-dce-background-color=\"#FFFFFF\" class=\"elementor-column elementor-col-50 elementor-inner-column elementor-element elementor-element-6ee5b5f\" data-id=\"6ee5b5f\" data-element_type=\"column\" data-settings=\"{&quot;background_background&quot;:&quot;classic&quot;}\">\n\t\t\t<div class=\"elementor-widget-wrap elementor-element-populated\">\n\t\t\t\t\t\t<div class=\"elementor-element elementor-element-11c1964 elementor-widget elementor-widget-heading\" data-id=\"11c1964\" data-element_type=\"widget\" data-widget_type=\"heading.default\">\n\t\t\t\t<div class=\"elementor-widget-container\">\n\t\t\t<h2 class=\"elementor-heading-title elementor-size-xxl\">Alioli<br>vegano<\/h2>\t\t<\/div>\n\t\t\t\t<\/div>\n\t\t\t\t<div class=\"elementor-element elementor-element-41e4647 elementor-widget elementor-widget-heading\" data-id=\"41e4647\" data-element_type=\"widget\" data-widget_type=\"heading.default\">\n\t\t\t\t<div class=\"elementor-widget-container\">\n\t\t\t<h2 class=\"elementor-heading-title elementor-size-xxl\">rompiendo<br>fronteras<\/h2>\t\t<\/div>\n\t\t\t\t<\/div>\n\t\t\t\t\t<\/div>\n\t\t<\/div>\n\t\t\t\t\t<\/div>\n\t\t<\/section>\n\t\t\t\t\t<\/div>\n\t\t<\/div>\n\t\t\t\t\t<\/div>\n\t\t<\/section>\n\t\t\t\t<section class=\"elementor-section elementor-top-section elementor-element elementor-element-0a2dd1a elementor-section-boxed elementor-section-height-default elementor-section-height-default\" data-id=\"0a2dd1a\" data-element_type=\"section\">\n\t\t\t\t\t\t<div class=\"elementor-container elementor-column-gap-default\">\n\t\t\t\t\t<div class=\"elementor-column elementor-col-100 elementor-top-column elementor-element elementor-element-1c0a6d2\" data-id=\"1c0a6d2\" data-element_type=\"column\">\n\t\t\t<div class=\"elementor-widget-wrap elementor-element-populated\">\n\t\t\t\t\t\t<div class=\"elementor-element elementor-element-a3316cc elementor-widget elementor-widget-text-editor\" data-id=\"a3316cc\" data-element_type=\"widget\" data-widget_type=\"text-editor.default\">\n\t\t\t\t<div class=\"elementor-widget-container\">\n\t\t\t\t\t\t\t<p>Nuestro \u00faltimo logro en Alemania y Holanda ha sido la introducci\u00f3n del <b><a href=\"https:\/\/www.chovi.com\/es\/productos\/alioli\/alioli-vegano\/\">Alioli vegano<\/a> <\/b>con mucho \u00e9xito en ventas y siendo tambi\u00e9n, nominados a varios premios internacionales por este lanzamiento.<\/p><p>Adicionalmente en <a href=\"https:\/\/allioli.de\/\" target=\"_blank\" rel=\"noopener\">Alemania<\/a> y <a href=\"https:\/\/chovi.nl\/\" target=\"_blank\" rel=\"noopener\">Holanda<\/a> somos muy activos en redes sociales donde tenemos una amplia comunidad de Chov\u00ed Lovers.<\/p>\t\t\t\t\t\t<\/div>\n\t\t\t\t<\/div>\n\t\t\t\t\t<\/div>\n\t\t<\/div>\n\t\t\t\t\t<\/div>\n\t\t<\/section>\n\t\t\t\t<\/div>\n\t\t","protected":false},"excerpt":{"rendered":"<p>MUCHO M\u00c1S QUE UNA Compa\u00f1\u00eda CHOV\u00cd &gt; Nuestra compa\u00f1\u00eda &gt; Chov\u00ed en el mundo chov\u00ed en el mundo Exportamos el 19% de nuestra facturaci\u00f3n, superando en 2020 los 7,45 MM de euros y creciendo un 33% con respecto a 2019. Exportamos a 30 pa\u00edses siendo los m\u00e1s importantes en facturaci\u00f3n\u00a0 Alemania, Holanda e Inglaterra. Son [&hellip;]<\/p>\n","protected":false},"author":18,"featured_media":18145,"parent":4822,"menu_order":0,"comment_status":"closed","ping_status":"closed","template":"","meta":{"_acf_changed":false,"footnotes":""},"class_list":["post-19695","page","type-page","status-publish","has-post-thumbnail","hentry"],"acf":[],"_links":{"self":[{"href":"https:\/\/www.chovi.com\/es\/wp-json\/wp\/v2\/pages\/19695","targetHints":{"allow":["GET"]}}],"collection":[{"href":"https:\/\/www.chovi.com\/es\/wp-json\/wp\/v2\/pages"}],"about":[{"href":"https:\/\/www.chovi.com\/es\/wp-json\/wp\/v2\/types\/page"}],"author":[{"embeddable":true,"href":"https:\/\/www.chovi.com\/es\/wp-json\/wp\/v2\/users\/18"}],"replies":[{"embeddable":true,"href":"https:\/\/www.chovi.com\/es\/wp-json\/wp\/v2\/comments?post=19695"}],"version-history":[{"count":0,"href":"https:\/\/www.chovi.com\/es\/wp-json\/wp\/v2\/pages\/19695\/revisions"}],"up":[{"embeddable":true,"href":"https:\/\/www.chovi.com\/es\/wp-json\/wp\/v2\/pages\/4822"}],"wp:featuredmedia":[{"embeddable":true,"href":"https:\/\/www.chovi.com\/es\/wp-json\/"}],"wp:attachment":[{"href":"https:\/\/www.chovi.com\/es\/wp-json\/wp\/v2\/media?parent=19695"}],"curies":[{"name":"wp","href":"https:\/\/api.w.org\/{rel}","templated":true}]}}