{"id":28603,"date":"2024-06-10T08:47:52","date_gmt":"2024-06-10T06:47:52","guid":{"rendered":"https:\/\/www.chovi.com\/?post_type=product&#038;p=28603"},"modified":"2024-07-09T07:56:38","modified_gmt":"2024-07-09T05:56:38","slug":"guacamole-salseo","status":"publish","type":"product","link":"https:\/\/www.chovi.com\/en\/productos\/guacamole\/guacamole-salseo\/","title":{"rendered":"Guacamole Salseo"},"content":{"rendered":"<p>\u00abPerfecto para cualquier reuni\u00f3n, esta salsa transforma tus dips en una experiencia deliciosa.\u00bb<\/p>","protected":false},"excerpt":{"rendered":"<p>\u00bfOtra salsa buen\u00edsima de Chov\u00ed? S\u00ed, otra salsa deliciosa de Chov\u00ed que ya vas a poder disfrutar en bares y restaurantes.<\/p>","protected":false},"featured_media":28495,"template":"","meta":{"_acf_changed":false},"product_cat":[233,281],"product_tag":[],"class_list":{"0":"post-28603","1":"product","2":"type-product","3":"status-publish","4":"has-post-thumbnail","6":"product_cat-guacamole","7":"product_cat-salseo","9":"first","10":"instock","11":"shipping-taxable","12":"product-type-simple"},"acf":[],"_links":{"self":[{"href":"https:\/\/www.chovi.com\/en\/wp-json\/wp\/v2\/product\/28603","targetHints":{"allow":["GET"]}}],"collection":[{"href":"https:\/\/www.chovi.com\/en\/wp-json\/wp\/v2\/product"}],"about":[{"href":"https:\/\/www.chovi.com\/en\/wp-json\/wp\/v2\/types\/product"}],"wp:featuredmedia":[{"embeddable":true,"href":"https:\/\/www.chovi.com\/en\/wp-json\/wp\/v2\/media\/28495"}],"wp:attachment":[{"href":"https:\/\/www.chovi.com\/en\/wp-json\/wp\/v2\/media?parent=28603"}],"wp:term":[{"taxonomy":"product_cat","embeddable":true,"href":"https:\/\/www.chovi.com\/en\/wp-json\/wp\/v2\/product_cat?post=28603"},{"taxonomy":"product_tag","embeddable":true,"href":"https:\/\/www.chovi.com\/en\/wp-json\/wp\/v2\/product_tag?post=28603"}],"curies":[{"name":"wp","href":"https:\/\/api.w.org\/{rel}","templated":true}]}}