{"id":19705,"date":"2021-05-11T15:49:26","date_gmt":"2021-05-11T15:49:26","guid":{"rendered":"https:\/\/www.chovi.com\/?page_id=19705"},"modified":"2025-05-27T17:33:20","modified_gmt":"2025-05-27T15:33:20","slug":"investigacion-idi","status":"publish","type":"page","link":"https:\/\/www.chovi.com\/en\/nuestra-compania\/investigation-development\/","title":{"rendered":"R+D"},"content":{"rendered":"<div data-elementor-type=\"wp-page\" data-elementor-id=\"19705\" class=\"elementor elementor-19705\" data-elementor-post-type=\"page\">\n\t\t\t\t\t\t<section class=\"elementor-section elementor-top-section elementor-element elementor-element-7a4122e3 elementor-section-full_width elementor-section-stretched elementor-section-height-default elementor-section-height-default\" data-id=\"7a4122e3\" data-element_type=\"section\" data-settings=\"{&quot;stretch_section&quot;:&quot;section-stretched&quot;}\">\n\t\t\t\t\t\t<div class=\"elementor-container elementor-column-gap-default\">\n\t\t\t\t\t<div data-dce-background-overlay-color=\"#000000\" data-dce-background-image-url=\"https:\/\/www.chovi.com\/wp-content\/uploads\/2021\/05\/np.jpg\" class=\"elementor-column elementor-col-100 elementor-top-column elementor-element elementor-element-4f810910\" data-id=\"4f810910\" data-element_type=\"column\" data-settings=\"{&quot;background_background&quot;:&quot;classic&quot;}\">\n\t\t\t<div class=\"elementor-widget-wrap elementor-element-populated\">\n\t\t\t\t\t<div class=\"elementor-background-overlay\"><\/div>\n\t\t\t\t\t\t<div class=\"elementor-element elementor-element-5a36cf97 elementor-widget__width-inherit elementor-widget elementor-widget-text-editor\" data-id=\"5a36cf97\" data-element_type=\"widget\" data-widget_type=\"text-editor.default\">\n\t\t\t\t<div class=\"elementor-widget-container\">\n\t\t\t\t\t\t\t<h1><span style=\"color: #ffffff; font-size: 67px; font-weight: 600; font-family: bebas book neue,sans-serif;\">MUCH MORE THAN<\/span><br \/>\n<span style=\"color: #ffcc33; font-size: 108px; font-weight: 400; font-family: Advocate,sans-serif; line-height: 0.7em;\">a Company<\/span><\/h1>\t\t\t\t\t\t<\/div>\n\t\t\t\t<\/div>\n\t\t\t\t\t<\/div>\n\t\t<\/div>\n\t\t\t\t\t<\/div>\n\t\t<\/section>\n\t\t\t\t<section class=\"elementor-section elementor-top-section elementor-element elementor-element-0fd523d elementor-section-boxed elementor-section-height-default elementor-section-height-default\" data-id=\"0fd523d\" data-element_type=\"section\">\n\t\t\t\t\t\t<div class=\"elementor-container elementor-column-gap-default\">\n\t\t\t\t\t<div class=\"elementor-column elementor-col-100 elementor-top-column elementor-element elementor-element-2197935\" data-id=\"2197935\" data-element_type=\"column\">\n\t\t\t<div class=\"elementor-widget-wrap elementor-element-populated\">\n\t\t\t\t\t\t<div class=\"elementor-element elementor-element-ae021b0 elementor-widget elementor-widget-text-editor\" data-id=\"ae021b0\" data-element_type=\"widget\" data-widget_type=\"text-editor.default\">\n\t\t\t\t<div class=\"elementor-widget-container\">\n\t\t\t\t\t\t\t<p>CHOV\u00cd &gt; Corporate &gt; Research and Development<\/p>\t\t\t\t\t\t<\/div>\n\t\t\t\t<\/div>\n\t\t\t\t\t<\/div>\n\t\t<\/div>\n\t\t\t\t\t<\/div>\n\t\t<\/section>\n\t\t\t\t<section class=\"elementor-section elementor-top-section elementor-element elementor-element-a2f58da elementor-section-boxed elementor-section-height-default elementor-section-height-default\" data-id=\"a2f58da\" data-element_type=\"section\">\n\t\t\t\t\t\t<div class=\"elementor-container elementor-column-gap-default\">\n\t\t\t\t\t<div class=\"elementor-column elementor-col-100 elementor-top-column elementor-element elementor-element-8114dae\" data-id=\"8114dae\" data-element_type=\"column\">\n\t\t\t<div class=\"elementor-widget-wrap\">\n\t\t\t\t\t\t\t<\/div>\n\t\t<\/div>\n\t\t\t\t\t<\/div>\n\t\t<\/section>\n\t\t\t\t<section class=\"elementor-section elementor-top-section elementor-element elementor-element-e773e20 elementor-section-boxed elementor-section-height-default elementor-section-height-default\" data-id=\"e773e20\" data-element_type=\"section\">\n\t\t\t\t\t\t<div class=\"elementor-container elementor-column-gap-default\">\n\t\t\t\t\t<div class=\"elementor-column elementor-col-100 elementor-top-column elementor-element elementor-element-5269fb8\" data-id=\"5269fb8\" data-element_type=\"column\">\n\t\t\t<div class=\"elementor-widget-wrap elementor-element-populated\">\n\t\t\t\t\t\t<div class=\"elementor-element elementor-element-a7683e2 elementor-widget elementor-widget-heading\" data-id=\"a7683e2\" data-element_type=\"widget\" data-widget_type=\"heading.default\">\n\t\t\t\t<div class=\"elementor-widget-container\">\n\t\t\t<h2 class=\"elementor-heading-title elementor-size-xxl\">Research and Development R+D<\/h2>\t\t<\/div>\n\t\t\t\t<\/div>\n\t\t\t\t\t<\/div>\n\t\t<\/div>\n\t\t\t\t\t<\/div>\n\t\t<\/section>\n\t\t\t\t<section class=\"elementor-section elementor-top-section elementor-element elementor-element-27bbf43 elementor-section-boxed elementor-section-height-default elementor-section-height-default\" data-id=\"27bbf43\" data-element_type=\"section\">\n\t\t\t\t\t\t<div class=\"elementor-container elementor-column-gap-default\">\n\t\t\t\t\t<div class=\"elementor-column elementor-col-100 elementor-top-column elementor-element elementor-element-56a8bd7\" data-id=\"56a8bd7\" data-element_type=\"column\">\n\t\t\t<div class=\"elementor-widget-wrap\">\n\t\t\t\t\t\t\t<\/div>\n\t\t<\/div>\n\t\t\t\t\t<\/div>\n\t\t<\/section>\n\t\t\t\t<section class=\"elementor-section elementor-top-section elementor-element elementor-element-28e075f elementor-section-boxed elementor-section-height-default elementor-section-height-default\" data-id=\"28e075f\" data-element_type=\"section\">\n\t\t\t\t\t\t<div class=\"elementor-container elementor-column-gap-default\">\n\t\t\t\t\t<div class=\"elementor-column elementor-col-100 elementor-top-column elementor-element elementor-element-47fbad0\" data-id=\"47fbad0\" data-element_type=\"column\">\n\t\t\t<div class=\"elementor-widget-wrap elementor-element-populated\">\n\t\t\t\t\t\t<div class=\"elementor-element elementor-element-913e2d3 elementor-widget elementor-widget-text-editor\" data-id=\"913e2d3\" data-element_type=\"widget\" data-widget_type=\"text-editor.default\">\n\t\t\t\t<div class=\"elementor-widget-container\">\n\t\t\t\t\t\t\t<p><span style=\"font-weight: 400;\">Quality and Service are words that at Chov\u00ed have become synonymous of \u201cjob well done\u201d. We have a work plan adapted to the present and the future, in which we are convinced, that research and innovation is and will be necessary to always be at the level of market demands.\nEquipped with the latest technological advances, our R+D Department supervises, analyzes and improves Quality in all aspects of the production process. It is a filter that we have imposed on ourselves in order to obtain products at the highest level and for consumer satisfaction.<\/span><\/p>\t\t\t\t\t\t<\/div>\n\t\t\t\t<\/div>\n\t\t\t\t\t<\/div>\n\t\t<\/div>\n\t\t\t\t\t<\/div>\n\t\t<\/section>\n\t\t\t\t<section class=\"elementor-section elementor-top-section elementor-element elementor-element-4df3616 elementor-section-boxed elementor-section-height-default elementor-section-height-default\" data-id=\"4df3616\" data-element_type=\"section\">\n\t\t\t\t\t\t<div class=\"elementor-container elementor-column-gap-default\">\n\t\t\t\t\t<div class=\"elementor-column elementor-col-100 elementor-top-column elementor-element elementor-element-a844ffe\" data-id=\"a844ffe\" data-element_type=\"column\">\n\t\t\t<div class=\"elementor-widget-wrap\">\n\t\t\t\t\t\t\t<\/div>\n\t\t<\/div>\n\t\t\t\t\t<\/div>\n\t\t<\/section>\n\t\t\t\t<section class=\"elementor-section elementor-top-section elementor-element elementor-element-395746a elementor-section-boxed elementor-section-height-default elementor-section-height-default\" data-id=\"395746a\" data-element_type=\"section\">\n\t\t\t\t\t\t<div class=\"elementor-container elementor-column-gap-default\">\n\t\t\t\t\t<div class=\"elementor-column elementor-col-50 elementor-top-column elementor-element elementor-element-7d36d8f\" data-id=\"7d36d8f\" data-element_type=\"column\">\n\t\t\t<div class=\"elementor-widget-wrap elementor-element-populated\">\n\t\t\t\t\t\t<div class=\"elementor-element elementor-element-08d1982 elementor-widget elementor-widget-text-editor\" data-id=\"08d1982\" data-element_type=\"widget\" data-widget_type=\"text-editor.default\">\n\t\t\t\t<div class=\"elementor-widget-container\">\n\t\t\t\t\t\t\t<p style=\"text-align: left;\"><span style=\"font-weight: 400;\">Quality and Service are words that at Chov\u00ed have become synonymous of \u201cjob well done\u201d. We have a work plan adapted to the present and the future, in which we are convinced, that research and innovation is and will be necessary to always be at the level of market demands.\nEquipped with the latest technological advances, our R+D Department supervises, analyzes and improves Quality in all aspects of the production process. It is a filter that we have imposed on ourselves in order to obtain products at the highest level and for consumer satisfaction.<\/span><\/p>\t\t\t\t\t\t<\/div>\n\t\t\t\t<\/div>\n\t\t\t\t\t<\/div>\n\t\t<\/div>\n\t\t\t\t<div class=\"elementor-column elementor-col-50 elementor-top-column elementor-element elementor-element-0bc38c9\" data-id=\"0bc38c9\" data-element_type=\"column\">\n\t\t\t<div class=\"elementor-widget-wrap elementor-element-populated\">\n\t\t\t\t\t\t<div class=\"elementor-element elementor-element-10673cc dce_masking-none elementor-widget elementor-widget-image\" data-id=\"10673cc\" data-element_type=\"widget\" data-widget_type=\"image.default\">\n\t\t\t\t<div class=\"elementor-widget-container\">\n\t\t\t\t\t\t\t\t\t\t\t\t\t<img loading=\"lazy\" decoding=\"async\" width=\"768\" height=\"512\" src=\"https:\/\/www.chovi.com\/wp-content\/uploads\/2021\/05\/SESION-PLANTA-CHOVI-2021-122-768x512.jpg\" class=\"attachment-medium_large size-medium_large wp-image-19713\" alt=\"INVESTIGACI\u00d3N CHOVI\" srcset=\"https:\/\/www.chovi.com\/wp-content\/uploads\/2021\/05\/SESION-PLANTA-CHOVI-2021-122-768x512.jpg 768w, https:\/\/www.chovi.com\/wp-content\/uploads\/2021\/05\/SESION-PLANTA-CHOVI-2021-122-300x200.jpg 300w, https:\/\/www.chovi.com\/wp-content\/uploads\/2021\/05\/SESION-PLANTA-CHOVI-2021-122-1024x682.jpg 1024w, https:\/\/www.chovi.com\/wp-content\/uploads\/2021\/05\/SESION-PLANTA-CHOVI-2021-122-150x100.jpg 150w, https:\/\/www.chovi.com\/wp-content\/uploads\/2021\/05\/SESION-PLANTA-CHOVI-2021-122-1536x1023.jpg 1536w, https:\/\/www.chovi.com\/wp-content\/uploads\/2021\/05\/SESION-PLANTA-CHOVI-2021-122-16x12.jpg 16w, https:\/\/www.chovi.com\/wp-content\/uploads\/2021\/05\/SESION-PLANTA-CHOVI-2021-122-350x233.jpg 350w, https:\/\/www.chovi.com\/wp-content\/uploads\/2021\/05\/SESION-PLANTA-CHOVI-2021-122-600x400.jpg 600w, https:\/\/www.chovi.com\/wp-content\/uploads\/2021\/05\/SESION-PLANTA-CHOVI-2021-122.jpg 1600w\" sizes=\"auto, (max-width: 768px) 100vw, 768px\" \/>\t\t\t\t\t\t\t\t\t\t\t\t\t<\/div>\n\t\t\t\t<\/div>\n\t\t\t\t\t<\/div>\n\t\t<\/div>\n\t\t\t\t\t<\/div>\n\t\t<\/section>\n\t\t\t\t<section class=\"elementor-section elementor-top-section elementor-element elementor-element-50c216e elementor-section-boxed elementor-section-height-default elementor-section-height-default\" data-id=\"50c216e\" data-element_type=\"section\">\n\t\t\t\t\t\t<div class=\"elementor-container elementor-column-gap-default\">\n\t\t\t\t\t<div class=\"elementor-column elementor-col-100 elementor-top-column elementor-element elementor-element-957ada8\" data-id=\"957ada8\" data-element_type=\"column\">\n\t\t\t<div class=\"elementor-widget-wrap\">\n\t\t\t\t\t\t\t<\/div>\n\t\t<\/div>\n\t\t\t\t\t<\/div>\n\t\t<\/section>\n\t\t\t\t<section class=\"elementor-section elementor-top-section elementor-element elementor-element-c4f3299 elementor-section-boxed elementor-section-height-default elementor-section-height-default\" data-id=\"c4f3299\" data-element_type=\"section\">\n\t\t\t\t\t\t<div class=\"elementor-container elementor-column-gap-default\">\n\t\t\t\t\t<div class=\"elementor-column elementor-col-100 elementor-top-column elementor-element elementor-element-577da0f\" data-id=\"577da0f\" data-element_type=\"column\">\n\t\t\t<div class=\"elementor-widget-wrap elementor-element-populated\">\n\t\t\t\t\t\t<div class=\"elementor-element elementor-element-8cf750e elementor-widget elementor-widget-heading\" data-id=\"8cf750e\" data-element_type=\"widget\" data-widget_type=\"heading.default\">\n\t\t\t\t<div class=\"elementor-widget-container\">\n\t\t\t<h2 class=\"elementor-heading-title elementor-size-xxl\">LATEST TECHNOLOGY<\/h2>\t\t<\/div>\n\t\t\t\t<\/div>\n\t\t\t\t\t<\/div>\n\t\t<\/div>\n\t\t\t\t\t<\/div>\n\t\t<\/section>\n\t\t\t\t<section class=\"elementor-section elementor-top-section elementor-element elementor-element-e9c8cd0 elementor-section-boxed elementor-section-height-default elementor-section-height-default\" data-id=\"e9c8cd0\" data-element_type=\"section\">\n\t\t\t\t\t\t<div class=\"elementor-container elementor-column-gap-default\">\n\t\t\t\t\t<div class=\"elementor-column elementor-col-100 elementor-top-column elementor-element elementor-element-133262e\" data-id=\"133262e\" data-element_type=\"column\">\n\t\t\t<div class=\"elementor-widget-wrap\">\n\t\t\t\t\t\t\t<\/div>\n\t\t<\/div>\n\t\t\t\t\t<\/div>\n\t\t<\/section>\n\t\t\t\t<section class=\"elementor-section elementor-top-section elementor-element elementor-element-8981c9e elementor-section-boxed elementor-section-height-default elementor-section-height-default\" data-id=\"8981c9e\" data-element_type=\"section\">\n\t\t\t\t\t\t<div class=\"elementor-container elementor-column-gap-default\">\n\t\t\t\t\t<div class=\"elementor-column elementor-col-50 elementor-top-column elementor-element elementor-element-b1b0219\" data-id=\"b1b0219\" data-element_type=\"column\">\n\t\t\t<div class=\"elementor-widget-wrap elementor-element-populated\">\n\t\t\t\t\t\t<div class=\"elementor-element elementor-element-da81aae dce_masking-none elementor-widget elementor-widget-image\" data-id=\"da81aae\" data-element_type=\"widget\" data-widget_type=\"image.default\">\n\t\t\t\t<div class=\"elementor-widget-container\">\n\t\t\t\t\t\t\t\t\t\t\t\t\t<img loading=\"lazy\" decoding=\"async\" width=\"600\" height=\"600\" src=\"https:\/\/www.chovi.com\/wp-content\/uploads\/2021\/05\/SESION-PLANTA-CHOVI-2021-129-600x600.jpg\" class=\"attachment-woocommerce_thumbnail size-woocommerce_thumbnail wp-image-19714\" alt=\"\" srcset=\"https:\/\/www.chovi.com\/wp-content\/uploads\/2021\/05\/SESION-PLANTA-CHOVI-2021-129-600x600.jpg 600w, https:\/\/www.chovi.com\/wp-content\/uploads\/2021\/05\/SESION-PLANTA-CHOVI-2021-129-300x300.jpg 300w, https:\/\/www.chovi.com\/wp-content\/uploads\/2021\/05\/SESION-PLANTA-CHOVI-2021-129-1024x1024.jpg 1024w, https:\/\/www.chovi.com\/wp-content\/uploads\/2021\/05\/SESION-PLANTA-CHOVI-2021-129-150x150.jpg 150w, https:\/\/www.chovi.com\/wp-content\/uploads\/2021\/05\/SESION-PLANTA-CHOVI-2021-129-768x768.jpg 768w, https:\/\/www.chovi.com\/wp-content\/uploads\/2021\/05\/SESION-PLANTA-CHOVI-2021-129-12x12.jpg 12w, https:\/\/www.chovi.com\/wp-content\/uploads\/2021\/05\/SESION-PLANTA-CHOVI-2021-129-350x350.jpg 350w, https:\/\/www.chovi.com\/wp-content\/uploads\/2021\/05\/SESION-PLANTA-CHOVI-2021-129-100x100.jpg 100w, https:\/\/www.chovi.com\/wp-content\/uploads\/2021\/05\/SESION-PLANTA-CHOVI-2021-129.jpg 1200w\" sizes=\"auto, (max-width: 600px) 100vw, 600px\" \/>\t\t\t\t\t\t\t\t\t\t\t\t\t<\/div>\n\t\t\t\t<\/div>\n\t\t\t\t\t<\/div>\n\t\t<\/div>\n\t\t\t\t<div class=\"elementor-column elementor-col-50 elementor-top-column elementor-element elementor-element-1a3eb84\" data-id=\"1a3eb84\" data-element_type=\"column\">\n\t\t\t<div class=\"elementor-widget-wrap elementor-element-populated\">\n\t\t\t\t\t\t<div class=\"elementor-element elementor-element-6b6b9a4 elementor-widget elementor-widget-text-editor\" data-id=\"6b6b9a4\" data-element_type=\"widget\" data-widget_type=\"text-editor.default\">\n\t\t\t\t<div class=\"elementor-widget-container\">\n\t\t\t\t\t\t\t<p style=\"text-align: left;\"><span style=\"font-weight: 400;\">Investment in the latest technology has allowed Chov\u00ed's facilities to be among the most advanced in their sector. Thanks to this, we have become the leading manufacturer of authentic Aioli sauce.<\/span><\/p><p style=\"text-align: left;\"><span style=\"font-weight: 400;\">Our goal is to be a modern and professional company, respectful with the environment, innovative and efficient.<\/span><\/p><p style=\"text-align: left;\"><span style=\"font-weight: 400;\">Our renovated facilities are the representation of our structure, with a new logistics warehouse and a capacity for more than 3.300 pallets. An expanded and modernized structure to improve service and guarantee satisfaction, both internal and external.<\/span><\/p>\t\t\t\t\t\t<\/div>\n\t\t\t\t<\/div>\n\t\t\t\t\t<\/div>\n\t\t<\/div>\n\t\t\t\t\t<\/div>\n\t\t<\/section>\n\t\t\t\t<section class=\"elementor-section elementor-top-section elementor-element elementor-element-e45a3e4 elementor-section-boxed elementor-section-height-default elementor-section-height-default\" data-id=\"e45a3e4\" data-element_type=\"section\">\n\t\t\t\t\t\t<div class=\"elementor-container elementor-column-gap-default\">\n\t\t\t\t\t<div class=\"elementor-column elementor-col-100 elementor-top-column elementor-element elementor-element-d0d20f7\" data-id=\"d0d20f7\" data-element_type=\"column\">\n\t\t\t<div class=\"elementor-widget-wrap elementor-element-populated\">\n\t\t\t\t\t\t<div class=\"elementor-element elementor-element-ab532fb elementor-widget elementor-widget-spacer\" data-id=\"ab532fb\" data-element_type=\"widget\" data-widget_type=\"spacer.default\">\n\t\t\t\t<div class=\"elementor-widget-container\">\n\t\t\t\t\t<div class=\"elementor-spacer\">\n\t\t\t<div class=\"elementor-spacer-inner\"><\/div>\n\t\t<\/div>\n\t\t\t\t<\/div>\n\t\t\t\t<\/div>\n\t\t\t\t<div class=\"elementor-element elementor-element-beb18b8 elementor-widget elementor-widget-heading\" data-id=\"beb18b8\" data-element_type=\"widget\" data-widget_type=\"heading.default\">\n\t\t\t\t<div class=\"elementor-widget-container\">\n\t\t\t<h2 class=\"elementor-heading-title elementor-size-xxl\">Certifications<\/h2>\t\t<\/div>\n\t\t\t\t<\/div>\n\t\t\t\t<div class=\"elementor-element elementor-element-5e6acb3 elementor-widget elementor-widget-text-editor\" data-id=\"5e6acb3\" data-element_type=\"widget\" data-widget_type=\"text-editor.default\">\n\t\t\t\t<div class=\"elementor-widget-container\">\n\t\t\t\t\t\t\t<p><span style=\"font-weight: 400;\">Chov\u00ed, in its commitment to internationalization and clients, obtained in June 2007 the certification of the IFS and BRC standards, which certify the quality and food safety management system, implemented by the company.<\/span><\/p>\t\t\t\t\t\t<\/div>\n\t\t\t\t<\/div>\n\t\t\t\t<section class=\"elementor-section elementor-inner-section elementor-element elementor-element-743e33f elementor-section-boxed elementor-section-height-default elementor-section-height-default\" data-id=\"743e33f\" data-element_type=\"section\">\n\t\t\t\t\t\t<div class=\"elementor-container elementor-column-gap-default\">\n\t\t\t\t\t<div class=\"elementor-column elementor-col-50 elementor-inner-column elementor-element elementor-element-02aff68\" data-id=\"02aff68\" data-element_type=\"column\">\n\t\t\t<div class=\"elementor-widget-wrap elementor-element-populated\">\n\t\t\t\t\t\t<div class=\"elementor-element elementor-element-f0dde3a elementor-widget elementor-widget-heading\" data-id=\"f0dde3a\" data-element_type=\"widget\" data-widget_type=\"heading.default\">\n\t\t\t\t<div class=\"elementor-widget-container\">\n\t\t\t<h2 class=\"elementor-heading-title elementor-size-xl\">BRC<\/h2>\t\t<\/div>\n\t\t\t\t<\/div>\n\t\t\t\t<div class=\"elementor-element elementor-element-1747eb8 elementor-widget elementor-widget-text-editor\" data-id=\"1747eb8\" data-element_type=\"widget\" data-widget_type=\"text-editor.default\">\n\t\t\t\t<div class=\"elementor-widget-container\">\n\t\t\t\t\t\t\t<p style=\"text-align: left;\" class=\"translation-block\">The BRC (British Retail Consortium) standard is one of the most widely used models internationally by distributors and department stores to qualify their suppliers for safe products. The standard aims to ensure that its suppliers comply with requirements that guarantee food quality and safety.<\/p><p style=\"text-align: center;\"><a href=\"https:\/\/www.chovi.com\/wp-content\/uploads\/2025\/05\/CHOVI-S.L._BRC.pdf\">VIEW CERTIFICATE<\/a><\/p>\t\t\t\t\t\t<\/div>\n\t\t\t\t<\/div>\n\t\t\t\t\t<\/div>\n\t\t<\/div>\n\t\t\t\t<div class=\"elementor-column elementor-col-50 elementor-inner-column elementor-element elementor-element-cd58da5\" data-id=\"cd58da5\" data-element_type=\"column\">\n\t\t\t<div class=\"elementor-widget-wrap elementor-element-populated\">\n\t\t\t\t\t\t<div class=\"elementor-element elementor-element-bc39f80 elementor-widget elementor-widget-heading\" data-id=\"bc39f80\" data-element_type=\"widget\" data-widget_type=\"heading.default\">\n\t\t\t\t<div class=\"elementor-widget-container\">\n\t\t\t<h2 class=\"elementor-heading-title elementor-size-xl\">IFS<\/h2>\t\t<\/div>\n\t\t\t\t<\/div>\n\t\t\t\t<div class=\"elementor-element elementor-element-2c3d73c elementor-widget elementor-widget-text-editor\" data-id=\"2c3d73c\" data-element_type=\"widget\" data-widget_type=\"text-editor.default\">\n\t\t\t\t<div class=\"elementor-widget-container\">\n\t\t\t\t\t\t\t<p style=\"text-align: left;\" class=\"translation-block\">The IFS (International Food Standard) norm is a powerful model for the prior acceptance of branded product suppliers for distributors and large supermarkets at the European level. The fundamental objectives pursued by the standard are: reconcile food safety and quality control, increase consumer confidence and consider international requirements, among others.<\/p><p style=\"text-align: center;\"><a href=\"https:\/\/www.chovi.com\/wp-content\/uploads\/2025\/05\/CHOVI-S.L._IFS.pdf\">VIEW CERTIFICATE<\/a><\/p>\t\t\t\t\t\t<\/div>\n\t\t\t\t<\/div>\n\t\t\t\t\t<\/div>\n\t\t<\/div>\n\t\t\t\t\t<\/div>\n\t\t<\/section>\n\t\t\t\t\t<\/div>\n\t\t<\/div>\n\t\t\t\t\t<\/div>\n\t\t<\/section>\n\t\t\t\t<section class=\"elementor-section elementor-top-section elementor-element elementor-element-e4c12d2 elementor-section-boxed elementor-section-height-default elementor-section-height-default\" data-id=\"e4c12d2\" data-element_type=\"section\">\n\t\t\t\t\t\t<div class=\"elementor-container elementor-column-gap-default\">\n\t\t\t\t\t<div class=\"elementor-column elementor-col-100 elementor-top-column elementor-element elementor-element-dc96dae\" data-id=\"dc96dae\" data-element_type=\"column\">\n\t\t\t<div class=\"elementor-widget-wrap elementor-element-populated\">\n\t\t\t\t\t\t<div class=\"elementor-element elementor-element-e4b82bb dce_masking-none elementor-widget elementor-widget-image\" data-id=\"e4b82bb\" data-element_type=\"widget\" data-widget_type=\"image.default\">\n\t\t\t\t<div class=\"elementor-widget-container\">\n\t\t\t\t\t\t\t\t\t\t\t\t\t<img loading=\"lazy\" decoding=\"async\" width=\"600\" height=\"600\" src=\"https:\/\/www.chovi.com\/wp-content\/uploads\/2021\/05\/SESION-PLANTA-CHOVI-2021-088-600x600.jpg\" class=\"attachment-woocommerce_thumbnail size-woocommerce_thumbnail wp-image-19725\" alt=\"Chovi certificaciones\" srcset=\"https:\/\/www.chovi.com\/wp-content\/uploads\/2021\/05\/SESION-PLANTA-CHOVI-2021-088-600x600.jpg 600w, https:\/\/www.chovi.com\/wp-content\/uploads\/2021\/05\/SESION-PLANTA-CHOVI-2021-088-300x300.jpg 300w, https:\/\/www.chovi.com\/wp-content\/uploads\/2021\/05\/SESION-PLANTA-CHOVI-2021-088-1024x1024.jpg 1024w, https:\/\/www.chovi.com\/wp-content\/uploads\/2021\/05\/SESION-PLANTA-CHOVI-2021-088-150x150.jpg 150w, https:\/\/www.chovi.com\/wp-content\/uploads\/2021\/05\/SESION-PLANTA-CHOVI-2021-088-768x768.jpg 768w, https:\/\/www.chovi.com\/wp-content\/uploads\/2021\/05\/SESION-PLANTA-CHOVI-2021-088-12x12.jpg 12w, https:\/\/www.chovi.com\/wp-content\/uploads\/2021\/05\/SESION-PLANTA-CHOVI-2021-088-350x350.jpg 350w, https:\/\/www.chovi.com\/wp-content\/uploads\/2021\/05\/SESION-PLANTA-CHOVI-2021-088-100x100.jpg 100w, https:\/\/www.chovi.com\/wp-content\/uploads\/2021\/05\/SESION-PLANTA-CHOVI-2021-088.jpg 1200w\" sizes=\"auto, (max-width: 600px) 100vw, 600px\" \/>\t\t\t\t\t\t\t\t\t\t\t\t\t<\/div>\n\t\t\t\t<\/div>\n\t\t\t\t\t<\/div>\n\t\t<\/div>\n\t\t\t\t\t<\/div>\n\t\t<\/section>\n\t\t\t\t<\/div>","protected":false},"excerpt":{"rendered":"<p>MUCHO M\u00c1S QUE UNA Compa\u00f1\u00eda CHOV\u00cd &gt; Nuestra compa\u00f1\u00eda &gt; I+D+I INVESTIGACI\u00d3N Y DESARROLLO I+D+I Calidad y Servicio son palabras que en Chov\u00ed se han convertido en sin\u00f3nimo de un \u201ctrabajo bien hecho\u201d. Contamos con un plan de trabajo adaptado al presente y al futuro, en el que estamos convencidos, que es y ser\u00e1 necesaria [&hellip;]<\/p>\n","protected":false},"author":18,"featured_media":18145,"parent":4822,"menu_order":0,"comment_status":"closed","ping_status":"closed","template":"","meta":{"_acf_changed":false,"footnotes":""},"class_list":["post-19705","page","type-page","status-publish","has-post-thumbnail","hentry"],"acf":[],"_links":{"self":[{"href":"https:\/\/www.chovi.com\/en\/wp-json\/wp\/v2\/pages\/19705","targetHints":{"allow":["GET"]}}],"collection":[{"href":"https:\/\/www.chovi.com\/en\/wp-json\/wp\/v2\/pages"}],"about":[{"href":"https:\/\/www.chovi.com\/en\/wp-json\/wp\/v2\/types\/page"}],"author":[{"embeddable":true,"href":"https:\/\/www.chovi.com\/en\/wp-json\/wp\/v2\/users\/18"}],"replies":[{"embeddable":true,"href":"https:\/\/www.chovi.com\/en\/wp-json\/wp\/v2\/comments?post=19705"}],"version-history":[{"count":4,"href":"https:\/\/www.chovi.com\/en\/wp-json\/wp\/v2\/pages\/19705\/revisions"}],"predecessor-version":[{"id":30257,"href":"https:\/\/www.chovi.com\/en\/wp-json\/wp\/v2\/pages\/19705\/revisions\/30257"}],"up":[{"embeddable":true,"href":"https:\/\/www.chovi.com\/en\/wp-json\/wp\/v2\/pages\/4822"}],"wp:featuredmedia":[{"embeddable":true,"href":"https:\/\/www.chovi.com\/en\/wp-json\/"}],"wp:attachment":[{"href":"https:\/\/www.chovi.com\/en\/wp-json\/wp\/v2\/media?parent=19705"}],"curies":[{"name":"wp","href":"https:\/\/api.w.org\/{rel}","templated":true}]}}