{"id":18392,"date":"2021-07-20T00:15:00","date_gmt":"2021-07-20T00:15:00","guid":{"rendered":"https:\/\/www.chovi.com\/?page_id=18392"},"modified":"2021-07-20T10:14:57","modified_gmt":"2021-07-20T10:14:57","slug":"cookies","status":"publish","type":"page","link":"https:\/\/www.chovi.com\/en\/cookies\/","title":{"rendered":"Cookies"},"content":{"rendered":"<div data-elementor-type=\"wp-page\" data-elementor-id=\"18392\" class=\"elementor elementor-18392\" data-elementor-post-type=\"page\">\n\t\t\t\t\t\t<section class=\"elementor-section elementor-top-section elementor-element elementor-element-14943049 elementor-section-boxed elementor-section-height-default elementor-section-height-default\" data-id=\"14943049\" data-element_type=\"section\">\n\t\t\t\t\t\t<div class=\"elementor-container elementor-column-gap-default\">\n\t\t\t\t\t<div class=\"elementor-column elementor-col-100 elementor-top-column elementor-element elementor-element-539d75c6\" data-id=\"539d75c6\" data-element_type=\"column\">\n\t\t\t<div class=\"elementor-widget-wrap elementor-element-populated\">\n\t\t\t\t\t\t<div class=\"elementor-element elementor-element-41fbcf24 elementor-widget elementor-widget-text-editor\" data-id=\"41fbcf24\" data-element_type=\"widget\" data-widget_type=\"text-editor.default\">\n\t\t\t\t<div class=\"elementor-widget-container\">\n\t\t\t\t\t\t\t<h2>Cookies<\/h2>\n<p>CHOVI\u0301, S.L.U. (\u201cCHOVI\u0301\u201d) utiliza cookies para distintos fines. En esta poli\u0301tica se explica que\u0301 son las cookies y co\u0301mo las utilizamos en nuestro sitio web.<\/p>\n<h3>1. \u00bfQue\u0301 es una cookie?<\/h3>\n<p>Las cookies son tecnologi\u0301as que almacenan y recuperan informacio\u0301n cuando navegas por un sitio web (\u201ccookies\u201d). En general, estas tecnologi\u0301as pueden servir para finalidades muy diversas, como, por ejemplo, reconocerte como usuario, obtener informacio\u0301n sobre tus ha\u0301bitos de navegacio\u0301n, o personalizar la forma en que se muestra el contenido. Los usos concretos que CHOVI\u0301 hace de estas tecnologi\u0301as se describen a continuacio\u0301n.<\/p>\n<div class=\"column\">\n<h3><strong>2. Tipos y finalidades de las cookies<\/strong><\/h3>\n<script id=\"CookieDeclaration\" src=\"https:\/\/consent.cookiebot.com\/991f63e6-f553-4943-950a-13f91fe4d819\/cd.js\" type=\"text\/javascript\" async><\/script>\n<h3>3. Desactivacio\u0301n o eliminacio\u0301n de las cookies<\/h3>\n<p>Para configurar o rechazar las cookies, puedes utilizar el <a href=\"javascript:Cookiebot.show()\">panel de configuracio\u0301n.<\/a><\/p>\n<\/div>\n<p>Adema\u0301s de las opciones de activacio\u0301n y desactivacio\u0301n incluidas en el panel de configuracio\u0301n, puedes permitir o bloquear las cookies, asi\u0301 como borrar tus datos de navegacio\u0301n (incluidas las cookies) desde el navegador que utilizas. Para ello, puedes consultar las opciones e instrucciones que ofrece tu navegador: \u2013 <a href=\"https:\/\/support.google.com\/accounts\/answer\/32050?co=GENIE.Platform%3DDesktop&amp;hl=es\" target=\"_blank\" rel=\"noopener\">Chrome<\/a> \u2013 <a href=\"https:\/\/support.mozilla.org\/es\/kb\/Borrar%20cookies\" target=\"_blank\" rel=\"noopener\">Firefox<\/a> \u2013 <a href=\"https:\/\/support.microsoft.com\/es-es\/microsoft-edge\/eliminar-las-cookies-en-microsoft-edge-63947406-40ac-c3b8-57b9-2a946a29ae09\" target=\"_blank\" rel=\"noopener\">Microsoft Edge<\/a> \u2013 <a href=\"https:\/\/support.apple.com\/es-es\/guide\/safari\/sfri11471\/mac\" target=\"_blank\" rel=\"noopener\">Safari<\/a> Algunos terceros tambie\u0301n ofrecen sistemas de rechazo (opt-out) u otras soluciones para evitar el uso de los datos recogidos a trave\u0301s de sus cookies: \u2013 Facebook: <a href=\"https:\/\/www.facebook.com\/ads\/preferences\/edit\/\" target=\"_blank\" rel=\"noopener\">preferencias de anuncios <\/a>y<a href=\"https:\/\/www.facebook.com\/ads\/settings\" target=\"_blank\" rel=\"noopener\"> configuraci\u00f3n de anuncios<\/a> \u2013 Google: <a href=\"https:\/\/tools.google.com\/dlpage\/gaoptout?hl=None\" target=\"_blank\" rel=\"noopener\">Complemento de inhabilitaci\u00f3n de Google Analytics<\/a>, <a href=\"https:\/\/adssettings.google.com\/?hl=es\" target=\"_blank\" rel=\"noopener noreferrer\">desactivar personalizaci\u00f3n de anuncios<\/a> y <a href=\"https:\/\/chrome.google.com\/webstore\/detail\/iba-opt-out-by-google\/gbiekjoijknlhijdjbaadobpkdhmoebb?hl=es\" target=\"_blank\" rel=\"noopener noreferrer\">extensi\u00f3n de Google Chrome para <em>opt-out <\/em>de las cookies publicitarias de DoubleClick<\/a> Asimismo, puedes dirigirte al portal <a href=\"https:\/\/www.youronlinechoices.com\/es\/\" target=\"_blank\" rel=\"noopener\">Your Online Choices<\/a>, donde adema\u0301s de encontrar informacio\u0301n u\u0301til, podra\u0301s configurar, proveedor por proveedor, tus <a href=\"https:\/\/www.youronlinechoices.com\/es\/preferencias\/\" target=\"_blank\" rel=\"noopener\">preferencias<\/a> sobre las cookies publicitarias de terceros. Debes tener en cuenta que algunas caracteri\u0301sticas de los contenidos de este sitio web solo esta\u0301n disponibles si se permite el uso de cookies en el navegador. Si decides no aceptar o bloquear determinadas cookies, puede que esto afecte, total o parcialmente, al funcionamiento normal del sitio web o que impida el acceso a algunos servicios del mismo (por ejemplo, no podremos personalizar tu publicidad). Adema\u0301s, ten en cuenta que si rechazas o bloqueas el uso de cookies desde el panel de configuracio\u0301n, la experiencia en nuestro sitio web se vera\u0301 limitada respecto de las finalidades que se especifican en el apartado anterior (\u201cTipos y finalidades de las cookies\u201d).<\/p>\n<h3>4. Otra informacio\u0301n sobre proteccio\u0301n de datos.<\/h3>\n<p>En este apartado se facilita informaci\u00f3n relativa al tratamiento de datos personales que completa la informaci\u00f3n facilitada en los otros apartados de esta pol\u00edtica de cookies y en las <a href=\"https:\/\/www.chovi.com\/en\/legal\/\">pol\u00edticas de privacidad de este sitio web<\/a>. Base juri\u0301dica del tratamiento: el consentimiento, que podra\u0301s revocar en cualquier momento segu\u0301n se indica en el apartado 3 de esta poli\u0301tica (\u201cDesactivacio\u0301n o eliminacio\u0301n de las cookies\u201d). Destinatarios de los datos: los terceros identificados en el apartado 2 de esta poli\u0301tica (\u201cTipos y finalidades de las cookies\u201d). Elaboracio\u0301n de perfiles: podra\u0301 observarse tu navegacio\u0301n para la creacio\u0301n de un perfil en los te\u0301rminos y con los fines que se indican en el apartado 2 (\u201cTipos y finalidades de las cookies\u201d) de esta poli\u0301tica de cookies. Para ma\u0301s detalle, puedes consultar las poli\u0301ticas de privacidad de los terceros identificados en dicho apartado. Transferencias a terceros pai\u0301ses: En relacio\u0301n con los terceros identificados en el apartado 2 (\u201cTipos y finalidades de las cookies\u201d), puedes consultar sus respectivas poli\u0301ticas de privacidad para informarte de las transferencias que, en su caso, estos realicen.<\/p>\t\t\t\t\t\t<\/div>\n\t\t\t\t<\/div>\n\t\t\t\t\t<\/div>\n\t\t<\/div>\n\t\t\t\t\t<\/div>\n\t\t<\/section>\n\t\t\t\t<\/div>","protected":false},"excerpt":{"rendered":"<p>Cookies CHOVI\u0301, S.L.U. (\u201cCHOVI\u0301\u201d) utiliza cookies para distintos fines. En esta poli\u0301tica se explica que\u0301 son las cookies y co\u0301mo las utilizamos en nuestro sitio web. 1. \u00bfQue\u0301 es una cookie? Las cookies son tecnologi\u0301as que almacenan y recuperan informacio\u0301n cuando navegas por un sitio web (\u201ccookies\u201d). En general, estas tecnologi\u0301as pueden servir para finalidades [&hellip;]<\/p>\n","protected":false},"author":18,"featured_media":18145,"parent":0,"menu_order":0,"comment_status":"closed","ping_status":"closed","template":"","meta":{"_acf_changed":false,"footnotes":""},"class_list":["post-18392","page","type-page","status-publish","has-post-thumbnail","hentry"],"acf":[],"_links":{"self":[{"href":"https:\/\/www.chovi.com\/en\/wp-json\/wp\/v2\/pages\/18392","targetHints":{"allow":["GET"]}}],"collection":[{"href":"https:\/\/www.chovi.com\/en\/wp-json\/wp\/v2\/pages"}],"about":[{"href":"https:\/\/www.chovi.com\/en\/wp-json\/wp\/v2\/types\/page"}],"author":[{"embeddable":true,"href":"https:\/\/www.chovi.com\/en\/wp-json\/wp\/v2\/users\/18"}],"replies":[{"embeddable":true,"href":"https:\/\/www.chovi.com\/en\/wp-json\/wp\/v2\/comments?post=18392"}],"version-history":[{"count":0,"href":"https:\/\/www.chovi.com\/en\/wp-json\/wp\/v2\/pages\/18392\/revisions"}],"wp:featuredmedia":[{"embeddable":true,"href":"https:\/\/www.chovi.com\/en\/wp-json\/"}],"wp:attachment":[{"href":"https:\/\/www.chovi.com\/en\/wp-json\/wp\/v2\/media?parent=18392"}],"curies":[{"name":"wp","href":"https:\/\/api.w.org\/{rel}","templated":true}]}}